{"id":4771,"date":"2024-07-07T20:23:17","date_gmt":"2024-07-07T18:23:17","guid":{"rendered":"https:\/\/fvbadsaulgau.de\/vereinsphilosophie-copy\/"},"modified":"2024-07-07T20:38:12","modified_gmt":"2024-07-07T18:38:12","slug":"vereinsphilosophie","status":"publish","type":"page","link":"https:\/\/fvbadsaulgau.de\/index.php\/vereinsphilosophie\/","title":{"rendered":"Vereinsphilosophie"},"content":{"rendered":"\t\t<div data-elementor-type=\"wp-page\" data-elementor-id=\"4771\" class=\"elementor elementor-4771\" data-elementor-post-type=\"page\">\n\t\t\t\t<div class=\"elementor-element elementor-element-43bc2640 e-flex e-con-boxed e-con e-parent\" data-id=\"43bc2640\" data-element_type=\"container\">\n\t\t\t\t\t<div class=\"e-con-inner\">\n\t\t\t\t<div class=\"elementor-element elementor-element-68db671 elementor-widget elementor-widget-heading\" data-id=\"68db671\" data-element_type=\"widget\" data-widget_type=\"heading.default\">\n\t\t\t\t<div class=\"elementor-widget-container\">\n\t\t\t\t\t<h2 class=\"elementor-heading-title elementor-size-default\">FV Bad Saulgau 04 - Vereinsphilosophie<\/h2>\t\t\t\t<\/div>\n\t\t\t\t<\/div>\n\t\t\t\t<div class=\"elementor-element elementor-element-56b0190a elementor-widget elementor-widget-text-editor\" data-id=\"56b0190a\" data-element_type=\"widget\" data-widget_type=\"text-editor.default\">\n\t\t\t\t<div class=\"elementor-widget-container\">\n\t\t\t\t\t\t\t\t\t<h3>Inhaltsangabe<\/h3>\n<ol>\n<li><strong>Einf\u00fchrung<br \/><br \/><\/strong><\/li>\n<li><strong>Vereins- und Spielerphilosophie<\/strong>\n<ul>\n<li>Vereinsphilosophie<\/li>\n<li>Spielerphilosophie<br \/><br \/><\/li>\n<\/ul>\n<\/li>\n<li><strong>Nachwuchskonzeption<\/strong>\n<ul>\n<li>Ziele der Nachwuchskonzeption<\/li>\n<li>Leistungskultur und Gesamtphilosophie<\/li>\n<li>Sportliche Richtlinie<\/li>\n<li>Grunds\u00e4tze der Nachwuchskonzeption<\/li>\n<li>Inhaltliche Bausteine<\/li>\n<li>Trainingsvorgaben<\/li>\n<li>Entwicklungsphasen<br \/><br \/><\/li>\n<\/ul>\n<\/li>\n<li><strong>Verhaltenskodex<\/strong>\n<ul>\n<li>Vorstand und Gremien<\/li>\n<li>Spieler und Spielerinnen im Juniorenbereich<\/li>\n<li>Eltern<\/li>\n<li>Fans<br \/><br \/><br \/><\/li>\n<\/ul>\n<\/li>\n<\/ol>\n<h3>1. Einf\u00fchrung<\/h3>\n<p>Im Herzen von Bad Saulgau, wo Tradition auf Zukunft trifft, schl\u00e4gt der leidenschaftliche Puls des FV Bad Saulgau 04. Mehr als nur ein Fu\u00dfballverein, sind wir das lebendige Symbol einer Gemeinschaft, die sich st\u00e4ndig weiterentwickelt und dabei ihre Wurzeln ehrt. Dein Streben nach Exzellenz, kombiniert mit unserem unersch\u00fctterlichen Gemeinschaftssinn, entfacht eine neue \u00c4ra des Fu\u00dfballs in unserer Stadt. Mit jeder Zeile dieser Philosophie, die du liest, laden wir dich ein, Teil dieser spannenden Reise zu werden, in der jeder Spieltag, jedes Training und jede Interaktion von Aufbruchsstimmung und grenzenloser Begeisterung gepr\u00e4gt ist.<br \/><br \/><\/p>\n<h3>2. Vereins- und Spielerphilosophie<br \/><br \/><\/h3>\n<h4>2.1 Vereinsphilosophie:<\/h4>\n<p>Unsere tiefgreifende Verbindung zu Bad Saulgau pr\u00e4gt unsere Vereinsphilosophie. Als Spiegelbild der Gemeinschaft legen wir Wert auf Zusammenhalt durch den Sport, Engagement in der Jugendarbeit und die Entwicklung einer Kultur der Exzellenz und des Respekts.<br \/><br \/><\/p>\n<h4>2.2 Spielerphilosophie:<\/h4>\n<p>Im FV Bad Saulgau 04 messen wir dem Verhalten und der Einstellung unserer Spieler auf und neben dem Spielfeld gleicherma\u00dfen Bedeutung bei. Als Vertreter unseres Vereins sind sie das direkte Spiegelbild der Werte und Prinzipien, die wir als Gemeinschaft verk\u00f6rpern.<br \/><br \/><br \/><br \/><\/p>\n<h3>3. Nachwuchskonzeption<\/h3>\n<h4><br \/>3.1 Ziele der Nachwuchskonzeption:<\/h4>\n<p>Das Hauptziel unserer Nachwuchskonzeption ist es, junge Talente sowohl fu\u00dfballerisch als auch pers\u00f6nlich zu entwickeln, sodass sie in der Lage sind, in unsere erste Mannschaft zu wechseln und gleichzeitig die Werte des Vereins und der Stadt zu verk\u00f6rpern.<\/p>\n<h4><br \/>3.2 Leistungskultur und Gesamtphilosophie:<\/h4>\n<p>Die Schaffung einer Leistungskultur, die unsere Gesamtphilosophie des Respekts, der Teamarbeit und der Gemeinschaft nicht konterkariert, steht im Mittelpunkt unserer Nachwuchskonzeption.<\/p>\n<h4><br \/>3.3 Sportliche Richtlinie:<\/h4>\n<p>Jeder Jugendbereich hat klare Richtlinien, die festlegen, welche fu\u00dfballerischen F\u00e4higkeiten gef\u00f6rdert werden. So garantieren wir, dass Spieler in jeder Entwicklungsphase die richtige Ausbildung und F\u00f6rderung erhalten.<\/p>\n<h4><br \/>3.4 Grunds\u00e4tze der Nachwuchskonzeption:<\/h4>\n<p>Jedes Mitglied unserer Jugendmannschaften wird nicht nur in fu\u00dfballerischer Hinsicht gef\u00f6rdert, sondern auch charakterlich gepr\u00e4gt, um ein wertvolles Mitglied des Vereins und der Gemeinschaft zu werden.<\/p>\n<h4><br \/><br \/>3.5 Inhaltliche Bausteine der Nachwuchskonzeption:<\/h4>\n<p>Die Ausbildung setzt ihren Fokus auf die Entwicklung von technischen, taktischen und mentalen F\u00e4higkeiten. Dabei ist es uns besonders wichtig, dass unsere Spieler den Wert von Teamarbeit, Respekt und Disziplin verstehen und diesen leben.<\/p>\n<h4><br \/>3.6 Trainingsvorgaben der Nachwuchskonzeption:<\/h4>\n<p>Unsere Trainingseinheiten sind darauf ausgerichtet, nicht nur die fu\u00dfballerische Entwicklung zu f\u00f6rdern, sondern auch Teamarbeit, Kommunikation und die aktive Einbindung von Spielern in die Entscheidungsfindung.<\/p>\n<h4><br \/>3.7 Entwicklungsphasen:<\/h4>\n<ul>\n<li>Grundlegende Ausbildung: Bei den Bambini, F- und E-Junioren legen wir den Grundstein. Hier steht die Freude am Spiel im Vordergrund, w\u00e4hrend grundlegende Fu\u00dfballtechniken vermittelt werden.<\/li>\n<li>Vertiefung und Spezialisierung: D- und C-Junioren werden tiefer in Taktiken eingef\u00fchrt und individuelle F\u00e4higkeiten gef\u00f6rdert.<\/li>\n<li>Vorbereitung auf h\u00f6here Wettbewerbe: B- und A-Junioren werden auf den \u00dcbergang in die Aktiven-Mannschaften vorbereitet.<\/li>\n<li>Exzellenz und Leistung: Unsere 1. und 2. Aktive-Mannschaft repr\u00e4sentiert den Verein. Hier streben wir nach Bestleistungen.<\/li>\n<\/ul>\n<h3><br \/><br \/>4. Verhaltenskodex<\/h3>\n<h4><br \/>4.1 Vorstand und Gremien<\/h4>\n<p>Die Mitglieder des Vorstands und aller Gremien sind das R\u00fcckgrat und die St\u00fctzpfeiler des FV Bad Saulgau 04. Als Vertreter und F\u00fchrungsfiguren des Vereins haben sie eine besondere Verantwortung, sowohl intern als auch extern. Es wird erwartet, dass sie stets im besten Interesse des Vereins handeln und Entscheidungen treffen, die das Wohl und die Entwicklung des FV Bad Saulgau 04 f\u00f6rdern.<\/p>\n<h4><br \/>4.2 Spieler und Spielerinnen im Juniorenbereich<\/h4>\n<p>F\u00fcr uns beim FV Bad Saulgau 04 ist die Entwicklung junger Talente nicht nur auf das Spielfeld beschr\u00e4nkt. Unsere Jugendspieler sind das zuk\u00fcnftige Gesicht des Vereins, und daher erwarten wir von ihnen, dass sie sich sowohl fu\u00dfballerisch als auch charakterlich entsprechend entwickeln.<\/p>\n<h4><br \/>4.3 Eltern<\/h4>\n<p>Eltern sind entscheidende Partner in der Entwicklung ihrer Kinder. Sie sollen ihre Kinder unterst\u00fctzen, aber auch Respekt vor den Entscheidungen von Trainern und Schiedsrichtern zeigen. Konstruktive Gespr\u00e4che mit Trainern und Betreuern werden stets ermutigt.<\/p>\n<h4><br \/>4.4 Fans<\/h4>\n<p>Fans sind das R\u00fcckgrat der Vereinsatmosph\u00e4re. Sie sollen die Mannschaft positiv unterst\u00fctzen und gleichzeitig Respekt gegen\u00fcber Gegnern, Schiedsrichtern und anderen Fans zeigen. Ihre Rolle ist es, den Verein anzufeuern, aber auch die Werte des Respekts und der Gemeinschaft zu verk\u00f6rpern.<\/p>\n\t\t\t\t\t\t\t\t<\/div>\n\t\t\t\t<\/div>\n\t\t\t\t\t<\/div>\n\t\t\t\t<\/div>\n\t\t\t\t<\/div>\n\t\t","protected":false},"excerpt":{"rendered":"<p>\/*! elementor &#8211; v3.21.0 &#8211; 08-05-2024 *\/ .elementor-heading-title{padding:0;margin:0;line-height:1}.elementor-widget-heading .elementor-heading-title[class*=elementor-size-]&gt;a{color:inherit;font-size:inherit;line-height:inherit}.elementor-widget-heading .elementor-heading-title.elementor-size-small{font-size:15px}.elementor-widget-heading .elementor-heading-title.elementor-size-medium{font-size:19px}.elementor-widget-heading .elementor-heading-title.elementor-size-large{font-size:29px}.elementor-widget-heading .elementor-heading-title.elementor-size-xl{font-size:39px}.elementor-widget-heading .elementor-heading-title.elementor-size-xxl{font-size:59px} FV Bad Saulgau 04 &#8211; Vereinsphilosophie Inhaltsangabe Einf\u00fchrung Vereins- und Spielerphilosophie Vereinsphilosophie Spielerphilosophie Nachwuchskonzeption Ziele der Nachwuchskonzeption Leistungskultur und Gesamtphilosophie Sportliche Richtlinie Grunds\u00e4tze der Nachwuchskonzeption Inhaltliche Bausteine Trainingsvorgaben Entwicklungsphasen Verhaltenskodex Vorstand und Gremien Spieler und Spielerinnen im Juniorenbereich Eltern Fans 1. [&hellip;]<\/p>\n","protected":false},"author":1,"featured_media":0,"parent":0,"menu_order":0,"comment_status":"closed","ping_status":"closed","template":"","meta":{"_acf_changed":false,"footnotes":""},"sponsor":[],"class_list":["post-4771","page","type-page","status-publish","hentry"],"acf":[],"_links":{"self":[{"href":"https:\/\/fvbadsaulgau.de\/index.php\/wp-json\/wp\/v2\/pages\/4771","targetHints":{"allow":["GET"]}}],"collection":[{"href":"https:\/\/fvbadsaulgau.de\/index.php\/wp-json\/wp\/v2\/pages"}],"about":[{"href":"https:\/\/fvbadsaulgau.de\/index.php\/wp-json\/wp\/v2\/types\/page"}],"author":[{"embeddable":true,"href":"https:\/\/fvbadsaulgau.de\/index.php\/wp-json\/wp\/v2\/users\/1"}],"replies":[{"embeddable":true,"href":"https:\/\/fvbadsaulgau.de\/index.php\/wp-json\/wp\/v2\/comments?post=4771"}],"version-history":[{"count":0,"href":"https:\/\/fvbadsaulgau.de\/index.php\/wp-json\/wp\/v2\/pages\/4771\/revisions"}],"wp:attachment":[{"href":"https:\/\/fvbadsaulgau.de\/index.php\/wp-json\/wp\/v2\/media?parent=4771"}],"wp:term":[{"taxonomy":"sponsor","embeddable":true,"href":"https:\/\/fvbadsaulgau.de\/index.php\/wp-json\/wp\/v2\/sponsor?post=4771"}],"curies":[{"name":"wp","href":"https:\/\/api.w.org\/{rel}","templated":true}]}}