{"id":4582,"date":"2024-06-16T21:59:25","date_gmt":"2024-06-16T19:59:25","guid":{"rendered":"https:\/\/fvbadsaulgau.de\/?page_id=4582"},"modified":"2024-06-16T22:12:02","modified_gmt":"2024-06-16T20:12:02","slug":"jugendturnier","status":"publish","type":"page","link":"https:\/\/fvbadsaulgau.de\/index.php\/jugendturnier\/","title":{"rendered":"Jugendturnier"},"content":{"rendered":"\t\t<div data-elementor-type=\"wp-page\" data-elementor-id=\"4582\" class=\"elementor elementor-4582\" data-elementor-post-type=\"page\">\n\t\t\t\t<div class=\"elementor-element elementor-element-665fbd8b e-flex e-con-boxed e-con e-parent\" data-id=\"665fbd8b\" data-element_type=\"container\">\n\t\t\t\t\t<div class=\"e-con-inner\">\n\t\t\t\t<div class=\"elementor-element elementor-element-711034b1 elementor-widget elementor-widget-theme-post-title elementor-page-title elementor-widget-heading\" data-id=\"711034b1\" data-element_type=\"widget\" data-widget_type=\"theme-post-title.default\">\n\t\t\t\t<div class=\"elementor-widget-container\">\n\t\t\t\t\t<h1 class=\"elementor-heading-title elementor-size-default\">Jugendturnier<\/h1>\t\t\t\t<\/div>\n\t\t\t\t<\/div>\n\t\t\t\t<div class=\"elementor-element elementor-element-fbc2375 elementor-widget elementor-widget-image\" data-id=\"fbc2375\" data-element_type=\"widget\" data-widget_type=\"image.default\">\n\t\t\t\t<div class=\"elementor-widget-container\">\n\t\t\t\t\t\t\t\t\t\t\t\t\t\t\t<img decoding=\"async\" src=\"http:\/\/fvbadsaulgau.de\/wp-content\/uploads\/2024\/06\/jugendturnier-Tournament.png\" title=\"\" alt=\"\" loading=\"lazy\" \/>\t\t\t\t\t\t\t\t\t\t\t\t\t\t\t<\/div>\n\t\t\t\t<\/div>\n\t\t\t\t<div class=\"elementor-element elementor-element-14d684e0 elementor-align-center elementor-widget elementor-widget-post-info\" data-id=\"14d684e0\" data-element_type=\"widget\" data-widget_type=\"post-info.default\">\n\t\t\t\t<div class=\"elementor-widget-container\">\n\t\t\t\t\t\t\t<ul class=\"elementor-inline-items elementor-icon-list-items elementor-post-info\">\n\t\t\t\t\t\t\t\t<li class=\"elementor-icon-list-item elementor-repeater-item-7f530f1 elementor-inline-item\" itemprop=\"datePublished\">\n\t\t\t\t\t\t<a href=\"https:\/\/fvbadsaulgau.de\/index.php\/2024\/06\/16\/\">\n\t\t\t\t\t\t\t\t\t\t\t\t\t\t<span class=\"elementor-icon-list-text elementor-post-info__item elementor-post-info__item--type-date\">\n\t\t\t\t\t\t\t\t\t\t<time>Juni 16, 2024<\/time>\t\t\t\t\t<\/span>\n\t\t\t\t\t\t\t\t\t<\/a>\n\t\t\t\t<\/li>\n\t\t\t\t<li class=\"elementor-icon-list-item elementor-repeater-item-6863c75 elementor-inline-item\" itemprop=\"author\">\n\t\t\t\t\t\t<a href=\"https:\/\/fvbadsaulgau.de\/index.php\/author\/fvbadsaulgau\/\">\n\t\t\t\t\t\t\t\t\t\t\t\t\t\t<span class=\"elementor-icon-list-text elementor-post-info__item elementor-post-info__item--type-author\">\n\t\t\t\t\t\t\t\t\t\tfvbadsaulgau\t\t\t\t\t<\/span>\n\t\t\t\t\t\t\t\t\t<\/a>\n\t\t\t\t<\/li>\n\t\t\t\t<\/ul>\n\t\t\t\t\t\t<\/div>\n\t\t\t\t<\/div>\n\t\t\t\t<div class=\"elementor-element elementor-element-4705249 elementor-widget-divider--view-line elementor-widget elementor-widget-divider\" data-id=\"4705249\" data-element_type=\"widget\" data-widget_type=\"divider.default\">\n\t\t\t\t<div class=\"elementor-widget-container\">\n\t\t\t\t\t\t\t<div class=\"elementor-divider\">\n\t\t\t<span class=\"elementor-divider-separator\">\n\t\t\t\t\t\t<\/span>\n\t\t<\/div>\n\t\t\t\t\t\t<\/div>\n\t\t\t\t<\/div>\n\t\t\t\t<div class=\"elementor-element elementor-element-31c4943 elementor-widget elementor-widget-text-editor\" data-id=\"31c4943\" data-element_type=\"widget\" data-widget_type=\"text-editor.default\">\n\t\t\t\t<div class=\"elementor-widget-container\">\n\t\t\t\t\t\t\t\t\t<p>Nach dem erfolgreichen Jugendturnier im letzten Jahr, freuen wir uns, Euch zum diesj\u00e4hrigen Jugendturnier des <strong>FV Bad Saulgau 04 vom 28. bis 30. Juni 2024<\/strong> einladen zu d\u00fcrfen. An diesen Tagen bieten wir spannende Fu\u00dfballspiele und ein abwechslungsreiches Rahmenprogramm.<\/p><p>Der Auftakt erfolgt am 28. Juni mit dem B-Junioren Turnier, gefolgt vom F-Junioren und D-Junioren Turnier am 29. Juni. Am Abend des 29. Juni treten die B-Juniorinnen an. Am 30. Juni starten die E-Junioren am Morgen, und am Nachmittag spielen die C-Junioren.<\/p><p>Ein besonderes Highlight erwartet Euch am Sonntag 30. Juni, wenn <strong>Qualle<\/strong> als Stargast zu uns kommt. Qualle ist bekannt f\u00fcr sein Engagement in der Pr\u00e4vention von Gewalt und Mobbing und steht f\u00fcr Respekt, Fair Play und Zusammenhalt. Am Sonntag wird Qualle nach einem Workshop vier Spiele leiten und Autogramme schreiben. Weitere Informationen \u00fcber Qualle findet Ihr <a href=\"https:\/\/www.qualle-respekt.de\/\" target=\"_new\" rel=\"noreferrer\">hier<\/a> und <a href=\"https:\/\/fvbadsaulgau.de\/respekt\/\" target=\"_new\" rel=\"noreferrer\">hier<\/a>.<\/p><div>\u00a0<\/div>\t\t\t\t\t\t\t\t<\/div>\n\t\t\t\t<\/div>\n\t\t\t\t<div class=\"elementor-element elementor-element-4bddfa6 elementor-widget elementor-widget-image\" data-id=\"4bddfa6\" data-element_type=\"widget\" data-widget_type=\"image.default\">\n\t\t\t\t<div class=\"elementor-widget-container\">\n\t\t\t\t\t\t\t\t\t\t\t\t\t\t\t\t<a href=\"https:\/\/fvbadsaulgau.de\/index.php\/respekt\/\">\n\t\t\t\t\t\t\t<img decoding=\"async\" src=\"http:\/\/fvbadsaulgau.de\/wp-content\/uploads\/2024\/05\/Banner-Fairplay2.png\" title=\"\" alt=\"\" loading=\"lazy\" \/>\t\t\t\t\t\t\t\t<\/a>\n\t\t\t\t\t\t\t\t\t\t\t\t\t\t\t<\/div>\n\t\t\t\t<\/div>\n\t\t\t\t<div class=\"elementor-element elementor-element-1c8a05f elementor-widget-divider--view-line elementor-widget elementor-widget-divider\" data-id=\"1c8a05f\" data-element_type=\"widget\" data-widget_type=\"divider.default\">\n\t\t\t\t<div class=\"elementor-widget-container\">\n\t\t\t\t\t\t\t<div class=\"elementor-divider\">\n\t\t\t<span class=\"elementor-divider-separator\">\n\t\t\t\t\t\t<\/span>\n\t\t<\/div>\n\t\t\t\t\t\t<\/div>\n\t\t\t\t<\/div>\n\t\t\t\t<div class=\"elementor-element elementor-element-b507f2c elementor-widget elementor-widget-text-editor\" data-id=\"b507f2c\" data-element_type=\"widget\" data-widget_type=\"text-editor.default\">\n\t\t\t\t<div class=\"elementor-widget-container\">\n\t\t\t\t\t\t\t\t\t<p>Neben den Fu\u00dfballspielen bieten wir eine vielf\u00e4ltige Auswahl an Speisen und Getr\u00e4nken. Auch Kaffee und Kuchen sind im Angebot. F\u00fcr k\u00fchle Erfrischungen ist ebenfalls gesorgt.<\/p><p>Wir freuen uns auf zahlreiche Besucher und spannende Spiele. Kommt vorbei und unterst\u00fctzt unsere Jugend!<\/p><h2>\u00a0<\/h2><h2>\u00a0<\/h2><h2><strong>Teilnehmende Mannschaften:<\/strong><\/h2><p><strong>B-Juniorinnen:<\/strong> SGM Bad Saulgau\/Weithart I, VfB Durach, TSV Tettnang rot, FC 99, TSV Tettnang schwarz, SGM Bad Saulgau\/Weithart II<br \/><a href=\"http:\/\/fvbadsaulgau.de\/wp-content\/uploads\/2024\/06\/Spielplan-B-Juniorinnen.pdf\">Turnierplan<\/a><\/p><p><strong>B-Junioren:<\/strong> FV Bad Saulgau I, SGM FC 99, SGM Sig\u00b4dorf\/Krauchenwies, TSV Blaustein, FV Bad Saulgau II, SGM Blochingen\/Mengen<br \/><a href=\"http:\/\/fvbadsaulgau.de\/wp-content\/uploads\/2024\/06\/Spielplan-B-Junioren.pdf\">Turnierplan<\/a><\/p><p><strong>E-Junioren:<\/strong> FV Bad Saulgau I, TSV Berg, SW Donau, TSV Blaustein, SGM \u00d6lkofen\/Hohentengen, FV Bad Saulgau II, TSG Ehingen, FC Wacker Biberach, TSV Aach-Linz, SV Weingarten<br \/><a href=\"http:\/\/fvbadsaulgau.de\/wp-content\/uploads\/2024\/06\/Spielplan-E-Junioren.pdf\">Turnierplan<\/a><\/p><p><strong>D-Junioren:<\/strong> FV Bad Saulgau I, FV Olympia Laupheim, SC Pfullendorf U13, TSG Ehingen, SGM Alb-Lauchert, FV Bad Saulgau II, SGM Muttensweiler\/Hochdorf, SC Pfullendorf U12, SV Bolstern, SW Donau<br \/><a href=\"http:\/\/fvbadsaulgau.de\/wp-content\/uploads\/2024\/06\/Spielplan-D-Junioren.pdf\">Turnierplan<\/a><\/p><p><strong>C-Junioren:<\/strong> FV Bad Saulgau I, SV Weissenau I, SGM Illerkirchberg, TSG S\u00f6flingen I, SGM Ennetach\/Mengen, FV Bad Saulgau II, SV Weissenau II, SGM Aulendorf\/Ebersbach, TSG S\u00f6flingen II, VfL Ulm II<br \/><a href=\"http:\/\/fvbadsaulgau.de\/wp-content\/uploads\/2024\/06\/Spielplan-C-Junioren.pdf\">Turnierplan<\/a><\/p><p><strong>F-Junioren:<\/strong> FV Bad Saulgau I, SV Langenenslingen, SC Tuttlingen, SGM Altheim &#8211; Alb, JSG Wolpertswende I, Young Boys Reutlingen, SV Ochsenhausen, FV Bad Saulgau II, SGM Braunenweiler\/Renhardsweiler, SV Weingarten, JSG Wolpertswende II, FC 07 Albstadt, SGM Winterstettenstadt, FC Wacker Biberach<br \/><a href=\"http:\/\/fvbadsaulgau.de\/wp-content\/uploads\/2024\/06\/Spielplan-F-Junioren.pdf\">Turnierplan<\/a><\/p><p>Sportliche Gr\u00fc\u00dfe,<br \/>Euer FV Bad Saulgau 04<\/p>\t\t\t\t\t\t\t\t<\/div>\n\t\t\t\t<\/div>\n\t\t\t\t\t<\/div>\n\t\t\t\t<\/div>\n\t\t\t\t<\/div>\n\t\t","protected":false},"excerpt":{"rendered":"<p>Der Auftakt erfolgt am 28. Juni mit dem B-Junioren Turnier, gefolgt vom F-Junioren und D-Junioren Turnier am 29. Juni.<\/p>\n","protected":false},"author":1,"featured_media":0,"parent":0,"menu_order":0,"comment_status":"closed","ping_status":"closed","template":"","meta":{"_acf_changed":false,"footnotes":""},"sponsor":[],"class_list":["post-4582","page","type-page","status-publish","hentry"],"acf":[],"_links":{"self":[{"href":"https:\/\/fvbadsaulgau.de\/index.php\/wp-json\/wp\/v2\/pages\/4582","targetHints":{"allow":["GET"]}}],"collection":[{"href":"https:\/\/fvbadsaulgau.de\/index.php\/wp-json\/wp\/v2\/pages"}],"about":[{"href":"https:\/\/fvbadsaulgau.de\/index.php\/wp-json\/wp\/v2\/types\/page"}],"author":[{"embeddable":true,"href":"https:\/\/fvbadsaulgau.de\/index.php\/wp-json\/wp\/v2\/users\/1"}],"replies":[{"embeddable":true,"href":"https:\/\/fvbadsaulgau.de\/index.php\/wp-json\/wp\/v2\/comments?post=4582"}],"version-history":[{"count":0,"href":"https:\/\/fvbadsaulgau.de\/index.php\/wp-json\/wp\/v2\/pages\/4582\/revisions"}],"wp:attachment":[{"href":"https:\/\/fvbadsaulgau.de\/index.php\/wp-json\/wp\/v2\/media?parent=4582"}],"wp:term":[{"taxonomy":"sponsor","embeddable":true,"href":"https:\/\/fvbadsaulgau.de\/index.php\/wp-json\/wp\/v2\/sponsor?post=4582"}],"curies":[{"name":"wp","href":"https:\/\/api.w.org\/{rel}","templated":true}]}}