{"id":3743,"date":"2024-02-23T21:48:16","date_gmt":"2024-02-23T20:48:16","guid":{"rendered":"https:\/\/fvbadsaulgau.de\/platin-copy-copy\/"},"modified":"2024-02-23T22:08:05","modified_gmt":"2024-02-23T21:08:05","slug":"platin-copy-copy","status":"publish","type":"page","link":"https:\/\/fvbadsaulgau.de\/index.php\/platin-copy-copy\/","title":{"rendered":"Silber"},"content":{"rendered":"\t\t<div data-elementor-type=\"wp-page\" data-elementor-id=\"3743\" class=\"elementor elementor-3743\" data-elementor-post-type=\"page\">\n\t\t\t\t<div class=\"elementor-element elementor-element-ee59bef e-flex e-con-boxed e-con e-parent\" data-id=\"ee59bef\" data-element_type=\"container\" data-settings=\"{&quot;background_background&quot;:&quot;classic&quot;}\">\n\t\t\t\t\t<div class=\"e-con-inner\">\n\t\t<div class=\"elementor-element elementor-element-ef51d11 e-con-full e-flex e-con e-child\" data-id=\"ef51d11\" data-element_type=\"container\">\n\t\t\t\t<div class=\"elementor-element elementor-element-9745aa9 elementor-widget elementor-widget-heading\" data-id=\"9745aa9\" data-element_type=\"widget\" data-widget_type=\"heading.default\">\n\t\t\t\t<div class=\"elementor-widget-container\">\n\t\t\t\t\t<h2 class=\"elementor-heading-title elementor-size-default\">Silber Sponsoren<\/h2>\t\t\t\t<\/div>\n\t\t\t\t<\/div>\n\t\t\t\t<div class=\"elementor-element elementor-element-871108d elementor-widget elementor-widget-text-editor\" data-id=\"871108d\" data-element_type=\"widget\" data-widget_type=\"text-editor.default\">\n\t\t\t\t<div class=\"elementor-widget-container\">\n\t\t\t\t\t\t\t\t\t<p>Wir sind unseren Silber-Sponsoren zutiefst dankbar f\u00fcr ihr Vertrauen und ihre Unterst\u00fctzung. Sie sind wesentliche Spieler in unserer Mission, den Fu\u00dfball zu feiern und Talente aller Altersstufen zu f\u00f6rdern.<\/p>\t\t\t\t\t\t\t\t<\/div>\n\t\t\t\t<\/div>\n\t\t\t\t<\/div>\n\t\t<div class=\"elementor-element elementor-element-823c1a5 e-con-full e-flex e-con e-child\" data-id=\"823c1a5\" data-element_type=\"container\">\n\t\t\t\t<div class=\"elementor-element elementor-element-53a151b elementor-widget elementor-widget-image\" data-id=\"53a151b\" data-element_type=\"widget\" data-widget_type=\"image.default\">\n\t\t\t\t<div class=\"elementor-widget-container\">\n\t\t\t\t\t\t\t\t\t\t\t\t\t\t\t<img fetchpriority=\"high\" decoding=\"async\" width=\"800\" height=\"534\" src=\"https:\/\/fvbadsaulgau.de\/wp-content\/uploads\/2024\/02\/Silber-1024x683.jpg\" class=\"attachment-large size-large wp-image-3745\" alt=\"\" srcset=\"https:\/\/fvbadsaulgau.de\/wp-content\/uploads\/2024\/02\/Silber-1024x683.jpg 1024w, https:\/\/fvbadsaulgau.de\/wp-content\/uploads\/2024\/02\/Silber-300x200.jpg 300w, https:\/\/fvbadsaulgau.de\/wp-content\/uploads\/2024\/02\/Silber-768x512.jpg 768w, https:\/\/fvbadsaulgau.de\/wp-content\/uploads\/2024\/02\/Silber-1536x1024.jpg 1536w, https:\/\/fvbadsaulgau.de\/wp-content\/uploads\/2024\/02\/Silber-2048x1365.jpg 2048w\" sizes=\"(max-width: 800px) 100vw, 800px\" \/>\t\t\t\t\t\t\t\t\t\t\t\t\t\t\t<\/div>\n\t\t\t\t<\/div>\n\t\t\t\t<\/div>\n\t\t\t\t\t<\/div>\n\t\t\t\t<\/div>\n\t\t<div class=\"elementor-element elementor-element-1ffac85 e-con-full e-flex e-con e-parent\" data-id=\"1ffac85\" data-element_type=\"container\">\n\t\t\t\t<div class=\"elementor-element elementor-element-d12206d elementor-widget-divider--view-line_text elementor-widget-divider--separator-type-pattern elementor-widget-divider--no-spacing elementor-widget-divider--element-align-center elementor-widget elementor-widget-divider\" data-id=\"d12206d\" data-element_type=\"widget\" data-widget_type=\"divider.default\">\n\t\t\t\t<div class=\"elementor-widget-container\">\n\t\t\t\t\t\t\t<div class=\"elementor-divider\" style=\"--divider-pattern-url: url(&quot;data:image\/svg+xml,%3Csvg xmlns=&#039;http:\/\/www.w3.org\/2000\/svg&#039; preserveAspectRatio=&#039;none&#039; overflow=&#039;visible&#039; height=&#039;100%&#039; viewBox=&#039;0 0 24 24&#039; fill=&#039;black&#039; stroke=&#039;none&#039;%3E%3Cpath d=&#039;M24,8v12H0V8H24z M24,4v1H0V4H24z&#039;\/%3E%3C\/svg%3E&quot;);\">\n\t\t\t<span class=\"elementor-divider-separator\">\n\t\t\t\t\t\t\t<span class=\"elementor-divider__text elementor-divider__element\">\n\t\t\t\tUnsere Silber Partner\t\t\t\t<\/span>\n\t\t\t\t\t\t<\/span>\n\t\t<\/div>\n\t\t\t\t\t\t<\/div>\n\t\t\t\t<\/div>\n\t\t\t\t<div class=\"elementor-element elementor-element-605ae8e elementor-widget elementor-widget-gs-logo-slider\" data-id=\"605ae8e\" data-element_type=\"widget\" data-widget_type=\"gs-logo-slider.default\">\n\t\t\t\t<div class=\"elementor-widget-container\">\n\t\t\t\t\t\t\n\t\t<div id=\"gs_logo_area_6\" class=\"gs_logo_area gs_logo_area_6 list1\" style=\"opacity: 0; visibility: hidden;\">\n\t\t\t<div class=\"gs_logo_area--inner\">\n\t\n\t\t\t\t\n<div class=\"gs_logo_container gs_logo_container_list\">\n\n\t\n\t\t\n\t\t\t<div class=\"gs_logo_single--wrapper\">\n\t\t\t\t<div class=\"gs_logo_single\">\n\t\t\t\t\t\n\t\t\t\t\t<div class=\"gs_logo--image-area\">\n\t\t\t\t\t\t<!-- Logo Image -->\n\t\t\t\t\t\t<a href=\"https:\/\/www.vitalapotheke24.de\/\" target=\"_blank\" rel=\"noopener\"><img decoding=\"async\" width=\"800\" height=\"800\" src=\"https:\/\/fvbadsaulgau.de\/wp-content\/uploads\/2024\/01\/Vital-Apotheke-Logo-1024x1024.png\" class=\"def_to_gray  gs-logo--img wp-post-image\" alt=\"\" title=\"Vital Apotheke\" srcset=\"https:\/\/fvbadsaulgau.de\/wp-content\/uploads\/2024\/01\/Vital-Apotheke-Logo-1024x1024.png 1024w, https:\/\/fvbadsaulgau.de\/wp-content\/uploads\/2024\/01\/Vital-Apotheke-Logo-300x300.png 300w, https:\/\/fvbadsaulgau.de\/wp-content\/uploads\/2024\/01\/Vital-Apotheke-Logo-150x150.png 150w, https:\/\/fvbadsaulgau.de\/wp-content\/uploads\/2024\/01\/Vital-Apotheke-Logo-768x768.png 768w, https:\/\/fvbadsaulgau.de\/wp-content\/uploads\/2024\/01\/Vital-Apotheke-Logo-600x600.png 600w, https:\/\/fvbadsaulgau.de\/wp-content\/uploads\/2024\/01\/Vital-Apotheke-Logo.png 1215w\" sizes=\"(max-width: 800px) 100vw, 800px\" \/><\/a>\t\t\t\t\t<\/div>\n\n\t\t\t\t\t<div class=\"gs_logo--details-area\">\n\t\t\t\t\t\t<!-- Logo Title -->\n\t\t\t\t\t\t\t\t\t\t\t\t<!-- Logo Category -->\n\t\t\t\t\t\t\t\t\t\t\t\t<!-- Logo Details -->\n\t\t\t\t\t\t\n<div class=\"gs-logo-details justify\"><\/div>\t\t\t\t\t<\/div>\n\n\t\t\t\t<\/div>\n\t\t\t<\/div>\n\n\t\t\n\t\t\t<div class=\"gs_logo_single--wrapper\">\n\t\t\t\t<div class=\"gs_logo_single\">\n\t\t\t\t\t\n\t\t\t\t\t<div class=\"gs_logo--image-area\">\n\t\t\t\t\t\t<!-- Logo Image -->\n\t\t\t\t\t\t<a href=\"http:\/\/www.grillmeister-rauscher.de\/\" target=\"_blank\" rel=\"noopener\"><img decoding=\"async\" width=\"800\" height=\"800\" src=\"https:\/\/fvbadsaulgau.de\/wp-content\/uploads\/2024\/01\/Rauscher-Logo-1024x1024.png\" class=\"def_to_gray  gs-logo--img wp-post-image\" alt=\"\" title=\"Rauscher\" srcset=\"https:\/\/fvbadsaulgau.de\/wp-content\/uploads\/2024\/01\/Rauscher-Logo-1024x1024.png 1024w, https:\/\/fvbadsaulgau.de\/wp-content\/uploads\/2024\/01\/Rauscher-Logo-300x300.png 300w, https:\/\/fvbadsaulgau.de\/wp-content\/uploads\/2024\/01\/Rauscher-Logo-150x150.png 150w, https:\/\/fvbadsaulgau.de\/wp-content\/uploads\/2024\/01\/Rauscher-Logo-768x768.png 768w, https:\/\/fvbadsaulgau.de\/wp-content\/uploads\/2024\/01\/Rauscher-Logo-600x600.png 600w, https:\/\/fvbadsaulgau.de\/wp-content\/uploads\/2024\/01\/Rauscher-Logo.png 1215w\" sizes=\"(max-width: 800px) 100vw, 800px\" \/><\/a>\t\t\t\t\t<\/div>\n\n\t\t\t\t\t<div class=\"gs_logo--details-area\">\n\t\t\t\t\t\t<!-- Logo Title -->\n\t\t\t\t\t\t\t\t\t\t\t\t<!-- Logo Category -->\n\t\t\t\t\t\t\t\t\t\t\t\t<!-- Logo Details -->\n\t\t\t\t\t\t\n<div class=\"gs-logo-details justify\"><\/div>\t\t\t\t\t<\/div>\n\n\t\t\t\t<\/div>\n\t\t\t<\/div>\n\n\t\t\n\t\t\t<div class=\"gs_logo_single--wrapper\">\n\t\t\t\t<div class=\"gs_logo_single\">\n\t\t\t\t\t\n\t\t\t\t\t<div class=\"gs_logo--image-area\">\n\t\t\t\t\t\t<!-- Logo Image -->\n\t\t\t\t\t\t<a href=\"https:\/\/www.restaurant-bad-saulgau.de\/\" target=\"_blank\" rel=\"noopener\"><img loading=\"lazy\" decoding=\"async\" width=\"250\" height=\"156\" src=\"https:\/\/fvbadsaulgau.de\/wp-content\/uploads\/2024\/01\/1693561374.png\" class=\"def_to_gray  gs-logo--img wp-post-image\" alt=\"\" title=\"Haus am Markt\" \/><\/a>\t\t\t\t\t<\/div>\n\n\t\t\t\t\t<div class=\"gs_logo--details-area\">\n\t\t\t\t\t\t<!-- Logo Title -->\n\t\t\t\t\t\t\t\t\t\t\t\t<!-- Logo Category -->\n\t\t\t\t\t\t\t\t\t\t\t\t<!-- Logo Details -->\n\t\t\t\t\t\t\n<div class=\"gs-logo-details justify\"><\/div>\t\t\t\t\t<\/div>\n\n\t\t\t\t<\/div>\n\t\t\t<\/div>\n\n\t\t\n\t\t\t<div class=\"gs_logo_single--wrapper\">\n\t\t\t\t<div class=\"gs_logo_single\">\n\t\t\t\t\t\n\t\t\t\t\t<div class=\"gs_logo--image-area\">\n\t\t\t\t\t\t<!-- Logo Image -->\n\t\t\t\t\t\t<a href=\"https:\/\/www.stadler.de\/\" target=\"_blank\" rel=\"noopener\"><img loading=\"lazy\" decoding=\"async\" width=\"800\" height=\"800\" src=\"https:\/\/fvbadsaulgau.de\/wp-content\/uploads\/2024\/01\/Stadler-Treppen-Logo1-1024x1024.png\" class=\"def_to_gray  gs-logo--img wp-post-image\" alt=\"\" title=\"Stadler Treppen\" srcset=\"https:\/\/fvbadsaulgau.de\/wp-content\/uploads\/2024\/01\/Stadler-Treppen-Logo1-1024x1024.png 1024w, https:\/\/fvbadsaulgau.de\/wp-content\/uploads\/2024\/01\/Stadler-Treppen-Logo1-300x300.png 300w, https:\/\/fvbadsaulgau.de\/wp-content\/uploads\/2024\/01\/Stadler-Treppen-Logo1-150x150.png 150w, https:\/\/fvbadsaulgau.de\/wp-content\/uploads\/2024\/01\/Stadler-Treppen-Logo1-768x768.png 768w, https:\/\/fvbadsaulgau.de\/wp-content\/uploads\/2024\/01\/Stadler-Treppen-Logo1-600x600.png 600w, https:\/\/fvbadsaulgau.de\/wp-content\/uploads\/2024\/01\/Stadler-Treppen-Logo1.png 1215w\" sizes=\"(max-width: 800px) 100vw, 800px\" \/><\/a>\t\t\t\t\t<\/div>\n\n\t\t\t\t\t<div class=\"gs_logo--details-area\">\n\t\t\t\t\t\t<!-- Logo Title -->\n\t\t\t\t\t\t\t\t\t\t\t\t<!-- Logo Category -->\n\t\t\t\t\t\t\t\t\t\t\t\t<!-- Logo Details -->\n\t\t\t\t\t\t\n<div class=\"gs-logo-details justify\"><\/div>\t\t\t\t\t<\/div>\n\n\t\t\t\t<\/div>\n\t\t\t<\/div>\n\n\t\t\t\t\n\t\n<\/div>\t\t\t<\/div>\n\t\t<\/div>\n\t\n\t\t<style>#gs_logo_area_6:not(.verticaltickerdown):not(.verticalticker) .gs_logo_container{margin-left:-5px}#gs_logo_area_6:not(.verticaltickerdown):not(.verticalticker) .gs_logo_container{margin-right:-5px}#gs_logo_area_6:not(.verticaltickerdown):not(.verticalticker) .gs_logo_single--wrapper{padding:5px}#gs_logo_area_6 ul.gs-logo-filter-cats{text-align:center!important}<\/style>\t\t\t\t<\/div>\n\t\t\t\t<\/div>\n\t\t\t\t<div class=\"elementor-element elementor-element-81ad8ff elementor-widget-divider--view-line_text elementor-widget-divider--separator-type-pattern elementor-widget-divider--no-spacing elementor-widget-divider--element-align-center elementor-widget elementor-widget-divider\" data-id=\"81ad8ff\" data-element_type=\"widget\" data-widget_type=\"divider.default\">\n\t\t\t\t<div class=\"elementor-widget-container\">\n\t\t\t\t\t\t\t<div class=\"elementor-divider\" style=\"--divider-pattern-url: url(&quot;data:image\/svg+xml,%3Csvg xmlns=&#039;http:\/\/www.w3.org\/2000\/svg&#039; preserveAspectRatio=&#039;none&#039; overflow=&#039;visible&#039; height=&#039;100%&#039; viewBox=&#039;0 0 24 24&#039; fill=&#039;black&#039; stroke=&#039;none&#039;%3E%3Cpath d=&#039;M24,8v12H0V8H24z M24,4v1H0V4H24z&#039;\/%3E%3C\/svg%3E&quot;);\">\n\t\t\t<span class=\"elementor-divider-separator\">\n\t\t\t\t\t\t\t<span class=\"elementor-divider__text elementor-divider__element\">\n\t\t\t\tUnsere Silber Partner\t\t\t\t<\/span>\n\t\t\t\t\t\t<\/span>\n\t\t<\/div>\n\t\t\t\t\t\t<\/div>\n\t\t\t\t<\/div>\n\t\t\t\t<\/div>\n\t\t\t\t<\/div>\n\t\t","protected":false},"excerpt":{"rendered":"<p>Silber Sponsoren Wir sind unseren Silber-Sponsoren zutiefst dankbar f\u00fcr ihr Vertrauen und ihre Unterst\u00fctzung. Sie sind wesentliche Spieler in unserer Mission, den Fu\u00dfball zu feiern und Talente aller Altersstufen zu f\u00f6rdern. Unsere Silber Partner Unsere Silber Partner<\/p>\n","protected":false},"author":1,"featured_media":3569,"parent":0,"menu_order":0,"comment_status":"closed","ping_status":"closed","template":"","meta":{"_acf_changed":false,"footnotes":""},"sponsor":[],"class_list":["post-3743","page","type-page","status-publish","has-post-thumbnail","hentry"],"acf":[],"_links":{"self":[{"href":"https:\/\/fvbadsaulgau.de\/index.php\/wp-json\/wp\/v2\/pages\/3743","targetHints":{"allow":["GET"]}}],"collection":[{"href":"https:\/\/fvbadsaulgau.de\/index.php\/wp-json\/wp\/v2\/pages"}],"about":[{"href":"https:\/\/fvbadsaulgau.de\/index.php\/wp-json\/wp\/v2\/types\/page"}],"author":[{"embeddable":true,"href":"https:\/\/fvbadsaulgau.de\/index.php\/wp-json\/wp\/v2\/users\/1"}],"replies":[{"embeddable":true,"href":"https:\/\/fvbadsaulgau.de\/index.php\/wp-json\/wp\/v2\/comments?post=3743"}],"version-history":[{"count":0,"href":"https:\/\/fvbadsaulgau.de\/index.php\/wp-json\/wp\/v2\/pages\/3743\/revisions"}],"wp:featuredmedia":[{"embeddable":true,"href":"https:\/\/fvbadsaulgau.de\/index.php\/wp-json\/wp\/v2\/media\/3569"}],"wp:attachment":[{"href":"https:\/\/fvbadsaulgau.de\/index.php\/wp-json\/wp\/v2\/media?parent=3743"}],"wp:term":[{"taxonomy":"sponsor","embeddable":true,"href":"https:\/\/fvbadsaulgau.de\/index.php\/wp-json\/wp\/v2\/sponsor?post=3743"}],"curies":[{"name":"wp","href":"https:\/\/api.w.org\/{rel}","templated":true}]}}