{"id":3685,"date":"2024-02-17T19:56:42","date_gmt":"2024-02-17T18:56:42","guid":{"rendered":"https:\/\/fvbadsaulgau.de\/platin-copy\/"},"modified":"2024-02-17T20:56:50","modified_gmt":"2024-02-17T19:56:50","slug":"platin-copy","status":"publish","type":"page","link":"https:\/\/fvbadsaulgau.de\/index.php\/platin-copy\/","title":{"rendered":"Gold"},"content":{"rendered":"\t\t<div data-elementor-type=\"wp-page\" data-elementor-id=\"3685\" class=\"elementor elementor-3685\" data-elementor-post-type=\"page\">\n\t\t\t\t<div class=\"elementor-element elementor-element-ee59bef e-flex e-con-boxed e-con e-parent\" data-id=\"ee59bef\" data-element_type=\"container\" data-settings=\"{&quot;background_background&quot;:&quot;classic&quot;}\">\n\t\t\t\t\t<div class=\"e-con-inner\">\n\t\t<div class=\"elementor-element elementor-element-ef51d11 e-con-full e-flex e-con e-child\" data-id=\"ef51d11\" data-element_type=\"container\">\n\t\t\t\t<div class=\"elementor-element elementor-element-9745aa9 elementor-widget elementor-widget-heading\" data-id=\"9745aa9\" data-element_type=\"widget\" data-widget_type=\"heading.default\">\n\t\t\t\t<div class=\"elementor-widget-container\">\n\t\t\t\t\t<h2 class=\"elementor-heading-title elementor-size-default\">Gold Sponsoren<\/h2>\t\t\t\t<\/div>\n\t\t\t\t<\/div>\n\t\t\t\t<div class=\"elementor-element elementor-element-871108d elementor-widget elementor-widget-text-editor\" data-id=\"871108d\" data-element_type=\"widget\" data-widget_type=\"text-editor.default\">\n\t\t\t\t<div class=\"elementor-widget-container\">\n\t\t\t\t\t\t\t\t\t<p>Unseren Gold-Sponsoren geb\u00fchrt ein aufrichtiger Dank f\u00fcr ihre entscheidende Rolle im sportlichen und sozialen Leben des FV Bad Saulgau 04. Ihre Beitr\u00e4ge erreichen jeden Winkel unseres Clubs, von der Jugendarbeit bis hin zur Unterst\u00fctzung unserer aktiven Teams. Sie sind die wahren Champions unseres allt\u00e4glichen Erfolgs.<\/p>\t\t\t\t\t\t\t\t<\/div>\n\t\t\t\t<\/div>\n\t\t\t\t<\/div>\n\t\t<div class=\"elementor-element elementor-element-823c1a5 e-con-full e-flex e-con e-child\" data-id=\"823c1a5\" data-element_type=\"container\">\n\t\t\t\t<div class=\"elementor-element elementor-element-53a151b elementor-widget elementor-widget-image\" data-id=\"53a151b\" data-element_type=\"widget\" data-widget_type=\"image.default\">\n\t\t\t\t<div class=\"elementor-widget-container\">\n\t\t\t\t\t\t\t\t\t\t\t\t\t\t\t<img fetchpriority=\"high\" decoding=\"async\" width=\"800\" height=\"534\" src=\"https:\/\/fvbadsaulgau.de\/wp-content\/uploads\/2024\/02\/GOLD-1024x683.jpg\" class=\"attachment-large size-large wp-image-3704\" alt=\"\" srcset=\"https:\/\/fvbadsaulgau.de\/wp-content\/uploads\/2024\/02\/GOLD-1024x683.jpg 1024w, https:\/\/fvbadsaulgau.de\/wp-content\/uploads\/2024\/02\/GOLD-300x200.jpg 300w, https:\/\/fvbadsaulgau.de\/wp-content\/uploads\/2024\/02\/GOLD-768x512.jpg 768w, https:\/\/fvbadsaulgau.de\/wp-content\/uploads\/2024\/02\/GOLD-1536x1024.jpg 1536w, https:\/\/fvbadsaulgau.de\/wp-content\/uploads\/2024\/02\/GOLD-2048x1365.jpg 2048w\" sizes=\"(max-width: 800px) 100vw, 800px\" \/>\t\t\t\t\t\t\t\t\t\t\t\t\t\t\t<\/div>\n\t\t\t\t<\/div>\n\t\t\t\t<\/div>\n\t\t\t\t\t<\/div>\n\t\t\t\t<\/div>\n\t\t<div class=\"elementor-element elementor-element-1ffac85 e-con-full e-flex e-con e-parent\" data-id=\"1ffac85\" data-element_type=\"container\">\n\t\t\t\t<div class=\"elementor-element elementor-element-d12206d elementor-widget-divider--view-line_text elementor-widget-divider--separator-type-pattern elementor-widget-divider--no-spacing elementor-widget-divider--element-align-center elementor-widget elementor-widget-divider\" data-id=\"d12206d\" data-element_type=\"widget\" data-widget_type=\"divider.default\">\n\t\t\t\t<div class=\"elementor-widget-container\">\n\t\t\t\t\t\t\t<div class=\"elementor-divider\" style=\"--divider-pattern-url: url(&quot;data:image\/svg+xml,%3Csvg xmlns=&#039;http:\/\/www.w3.org\/2000\/svg&#039; preserveAspectRatio=&#039;none&#039; overflow=&#039;visible&#039; height=&#039;100%&#039; viewBox=&#039;0 0 24 24&#039; fill=&#039;black&#039; stroke=&#039;none&#039;%3E%3Cpath d=&#039;M24,8v12H0V8H24z M24,4v1H0V4H24z&#039;\/%3E%3C\/svg%3E&quot;);\">\n\t\t\t<span class=\"elementor-divider-separator\">\n\t\t\t\t\t\t\t<span class=\"elementor-divider__text elementor-divider__element\">\n\t\t\t\t Unsere Gold Partner\t\t\t\t<\/span>\n\t\t\t\t\t\t<\/span>\n\t\t<\/div>\n\t\t\t\t\t\t<\/div>\n\t\t\t\t<\/div>\n\t\t\t\t<div class=\"elementor-element elementor-element-605ae8e elementor-widget elementor-widget-gs-logo-slider\" data-id=\"605ae8e\" data-element_type=\"widget\" data-widget_type=\"gs-logo-slider.default\">\n\t\t\t\t<div class=\"elementor-widget-container\">\n\t\t\t\t\t\t\n\t\t<div id=\"gs_logo_area_5\" class=\"gs_logo_area gs_logo_area_5 list1\" style=\"opacity: 0; visibility: hidden;\">\n\t\t\t<div class=\"gs_logo_area--inner\">\n\t\n\t\t\t\t\n<div class=\"gs_logo_container gs_logo_container_list\">\n\n\t\n\t\t\n\t\t\t<div class=\"gs_logo_single--wrapper\">\n\t\t\t\t<div class=\"gs_logo_single\">\n\t\t\t\t\t\n\t\t\t\t\t<div class=\"gs_logo--image-area\">\n\t\t\t\t\t\t<!-- Logo Image -->\n\t\t\t\t\t\t<a href=\"https:\/\/www.farny.de\/\" target=\"_blank\" rel=\"noopener\"><img decoding=\"async\" width=\"800\" height=\"800\" src=\"https:\/\/fvbadsaulgau.de\/wp-content\/uploads\/2025\/11\/farny_20251110_104117_0000-1024x1024.png\" class=\"def_to_gray  gs-logo--img wp-post-image\" alt=\"\" title=\"Farny\" srcset=\"https:\/\/fvbadsaulgau.de\/wp-content\/uploads\/2025\/11\/farny_20251110_104117_0000-1024x1024.png 1024w, https:\/\/fvbadsaulgau.de\/wp-content\/uploads\/2025\/11\/farny_20251110_104117_0000-300x300.png 300w, https:\/\/fvbadsaulgau.de\/wp-content\/uploads\/2025\/11\/farny_20251110_104117_0000-150x150.png 150w, https:\/\/fvbadsaulgau.de\/wp-content\/uploads\/2025\/11\/farny_20251110_104117_0000-768x768.png 768w, https:\/\/fvbadsaulgau.de\/wp-content\/uploads\/2025\/11\/farny_20251110_104117_0000-600x600.png 600w, https:\/\/fvbadsaulgau.de\/wp-content\/uploads\/2025\/11\/farny_20251110_104117_0000.png 1080w\" sizes=\"(max-width: 800px) 100vw, 800px\" \/><\/a>\t\t\t\t\t<\/div>\n\n\t\t\t\t\t<div class=\"gs_logo--details-area\">\n\t\t\t\t\t\t<!-- Logo Title -->\n\t\t\t\t\t\t\t\t\t\t\t\t<!-- Logo Category -->\n\t\t\t\t\t\t\t\t\t\t\t\t<!-- Logo Details -->\n\t\t\t\t\t\t\n<div class=\"gs-logo-details justify\"><p><strong>EDELWEISSBRAUEREI FARNY, dem Erfinder des Kristall-Weizens aus D\u00fcrren im Allg\u00e4u<\/strong><\/p>\n<\/div>\t\t\t\t\t<\/div>\n\n\t\t\t\t<\/div>\n\t\t\t<\/div>\n\n\t\t\n\t\t\t<div class=\"gs_logo_single--wrapper\">\n\t\t\t\t<div class=\"gs_logo_single\">\n\t\t\t\t\t\n\t\t\t\t\t<div class=\"gs_logo--image-area\">\n\t\t\t\t\t\t<!-- Logo Image -->\n\t\t\t\t\t\t<a href=\"https:\/\/kostbar-bad-saulgau.jimdofree.com\/\" target=\"_blank\" rel=\"noopener\"><img decoding=\"async\" width=\"493\" height=\"140\" src=\"https:\/\/fvbadsaulgau.de\/wp-content\/uploads\/2024\/01\/Kostbar-logo.png\" class=\"def_to_gray  gs-logo--img wp-post-image\" alt=\"\" title=\"Kostbar\" srcset=\"https:\/\/fvbadsaulgau.de\/wp-content\/uploads\/2024\/01\/Kostbar-logo.png 493w, https:\/\/fvbadsaulgau.de\/wp-content\/uploads\/2024\/01\/Kostbar-logo-300x85.png 300w\" sizes=\"(max-width: 493px) 100vw, 493px\" \/><\/a>\t\t\t\t\t<\/div>\n\n\t\t\t\t\t<div class=\"gs_logo--details-area\">\n\t\t\t\t\t\t<!-- Logo Title -->\n\t\t\t\t\t\t\t\t\t\t\t\t<!-- Logo Category -->\n\t\t\t\t\t\t\t\t\t\t\t\t<!-- Logo Details -->\n\t\t\t\t\t\t\n<div class=\"gs-logo-details justify\"><\/div>\t\t\t\t\t<\/div>\n\n\t\t\t\t<\/div>\n\t\t\t<\/div>\n\n\t\t\n\t\t\t<div class=\"gs_logo_single--wrapper\">\n\t\t\t\t<div class=\"gs_logo_single\">\n\t\t\t\t\t\n\t\t\t\t\t<div class=\"gs_logo--image-area\">\n\t\t\t\t\t\t<!-- Logo Image -->\n\t\t\t\t\t\t<a href=\"https:\/\/www.bauen-mit-loeffler.de\/\" target=\"_blank\" rel=\"noopener\"><img loading=\"lazy\" decoding=\"async\" width=\"220\" height=\"256\" src=\"https:\/\/fvbadsaulgau.de\/wp-content\/uploads\/2024\/01\/loeffler_logo.png\" class=\"def_to_gray  gs-logo--img wp-post-image\" alt=\"\" title=\"Manfre L\u00f6ffler\" \/><\/a>\t\t\t\t\t<\/div>\n\n\t\t\t\t\t<div class=\"gs_logo--details-area\">\n\t\t\t\t\t\t<!-- Logo Title -->\n\t\t\t\t\t\t\t\t\t\t\t\t<!-- Logo Category -->\n\t\t\t\t\t\t\t\t\t\t\t\t<!-- Logo Details -->\n\t\t\t\t\t\t\n<div class=\"gs-logo-details justify\"><\/div>\t\t\t\t\t<\/div>\n\n\t\t\t\t<\/div>\n\t\t\t<\/div>\n\n\t\t\n\t\t\t<div class=\"gs_logo_single--wrapper\">\n\t\t\t\t<div class=\"gs_logo_single\">\n\t\t\t\t\t\n\t\t\t\t\t<div class=\"gs_logo--image-area\">\n\t\t\t\t\t\t<!-- Logo Image -->\n\t\t\t\t\t\t<a href=\"https:\/\/www.werbe-kunst.de\/\" target=\"_blank\" rel=\"noopener\"><img loading=\"lazy\" decoding=\"async\" width=\"398\" height=\"102\" src=\"https:\/\/fvbadsaulgau.de\/wp-content\/uploads\/2025\/08\/WERBEKUNST.png\" class=\"def_to_gray  gs-logo--img wp-post-image\" alt=\"\" title=\"Werbekunst\" srcset=\"https:\/\/fvbadsaulgau.de\/wp-content\/uploads\/2025\/08\/WERBEKUNST.png 398w, https:\/\/fvbadsaulgau.de\/wp-content\/uploads\/2025\/08\/WERBEKUNST-300x77.png 300w\" sizes=\"(max-width: 398px) 100vw, 398px\" \/><\/a>\t\t\t\t\t<\/div>\n\n\t\t\t\t\t<div class=\"gs_logo--details-area\">\n\t\t\t\t\t\t<!-- Logo Title -->\n\t\t\t\t\t\t\t\t\t\t\t\t<!-- Logo Category -->\n\t\t\t\t\t\t\t\t\t\t\t\t<!-- Logo Details -->\n\t\t\t\t\t\t\n<div class=\"gs-logo-details justify\"><div class=\"header\">\n<p>Werbe<strong class=\"orange\">Agentur<br \/>\n<\/strong>Die ihre vision zum Leben erweckt<\/p>\n<\/div>\n<div class=\"bodytext\">\n<p>Als Ihre kreative Werbeagentur bieten wir umfassende L\u00f6sungen, um Ihre Marke erfolgreich zu positionieren und zu kommunizieren.<\/p>\n<\/div>\n<\/div>\t\t\t\t\t<\/div>\n\n\t\t\t\t<\/div>\n\t\t\t<\/div>\n\n\t\t\n\t\t\t<div class=\"gs_logo_single--wrapper\">\n\t\t\t\t<div class=\"gs_logo_single\">\n\t\t\t\t\t\n\t\t\t\t\t<div class=\"gs_logo--image-area\">\n\t\t\t\t\t\t<!-- Logo Image -->\n\t\t\t\t\t\t<a href=\"https:\/\/autohaus-osswald.com\/\" target=\"_blank\" rel=\"noopener\"><img loading=\"lazy\" decoding=\"async\" width=\"800\" height=\"800\" src=\"https:\/\/fvbadsaulgau.de\/wp-content\/uploads\/2024\/02\/Autohaus-Osswald-1024x1024.png\" class=\"def_to_gray  gs-logo--img wp-post-image\" alt=\"\" title=\"autohaus O\u00dfwald\" srcset=\"https:\/\/fvbadsaulgau.de\/wp-content\/uploads\/2024\/02\/Autohaus-Osswald-1024x1024.png 1024w, https:\/\/fvbadsaulgau.de\/wp-content\/uploads\/2024\/02\/Autohaus-Osswald-300x300.png 300w, https:\/\/fvbadsaulgau.de\/wp-content\/uploads\/2024\/02\/Autohaus-Osswald-150x150.png 150w, https:\/\/fvbadsaulgau.de\/wp-content\/uploads\/2024\/02\/Autohaus-Osswald-768x768.png 768w, https:\/\/fvbadsaulgau.de\/wp-content\/uploads\/2024\/02\/Autohaus-Osswald-600x600.png 600w, https:\/\/fvbadsaulgau.de\/wp-content\/uploads\/2024\/02\/Autohaus-Osswald.png 1215w\" sizes=\"(max-width: 800px) 100vw, 800px\" \/><\/a>\t\t\t\t\t<\/div>\n\n\t\t\t\t\t<div class=\"gs_logo--details-area\">\n\t\t\t\t\t\t<!-- Logo Title -->\n\t\t\t\t\t\t\t\t\t\t\t\t<!-- Logo Category -->\n\t\t\t\t\t\t\t\t\t\t\t\t<!-- Logo Details -->\n\t\t\t\t\t\t\n<div class=\"gs-logo-details justify\"><\/div>\t\t\t\t\t<\/div>\n\n\t\t\t\t<\/div>\n\t\t\t<\/div>\n\n\t\t\t\t\n\t\n<\/div>\t\t\t<\/div>\n\t\t<\/div>\n\t\n\t\t<style>#gs_logo_area_5:not(.verticaltickerdown):not(.verticalticker) .gs_logo_container{margin-left:-5px}#gs_logo_area_5:not(.verticaltickerdown):not(.verticalticker) .gs_logo_container{margin-right:-5px}#gs_logo_area_5:not(.verticaltickerdown):not(.verticalticker) .gs_logo_single--wrapper{padding:5px}#gs_logo_area_5 ul.gs-logo-filter-cats{text-align:center!important}<\/style>\t\t\t\t<\/div>\n\t\t\t\t<\/div>\n\t\t\t\t<div class=\"elementor-element elementor-element-81ad8ff elementor-widget-divider--view-line_text elementor-widget-divider--separator-type-pattern elementor-widget-divider--no-spacing elementor-widget-divider--element-align-center elementor-widget elementor-widget-divider\" data-id=\"81ad8ff\" data-element_type=\"widget\" data-widget_type=\"divider.default\">\n\t\t\t\t<div class=\"elementor-widget-container\">\n\t\t\t\t\t\t\t<div class=\"elementor-divider\" style=\"--divider-pattern-url: url(&quot;data:image\/svg+xml,%3Csvg xmlns=&#039;http:\/\/www.w3.org\/2000\/svg&#039; preserveAspectRatio=&#039;none&#039; overflow=&#039;visible&#039; height=&#039;100%&#039; viewBox=&#039;0 0 24 24&#039; fill=&#039;black&#039; stroke=&#039;none&#039;%3E%3Cpath d=&#039;M24,8v12H0V8H24z M24,4v1H0V4H24z&#039;\/%3E%3C\/svg%3E&quot;);\">\n\t\t\t<span class=\"elementor-divider-separator\">\n\t\t\t\t\t\t\t<span class=\"elementor-divider__text elementor-divider__element\">\n\t\t\t\t Unsere Gold Partner\t\t\t\t<\/span>\n\t\t\t\t\t\t<\/span>\n\t\t<\/div>\n\t\t\t\t\t\t<\/div>\n\t\t\t\t<\/div>\n\t\t\t\t<\/div>\n\t\t\t\t<\/div>\n\t\t","protected":false},"excerpt":{"rendered":"<p>Gold Sponsoren Unseren Gold-Sponsoren geb\u00fchrt ein aufrichtiger Dank f\u00fcr ihre entscheidende Rolle im sportlichen und sozialen Leben des FV Bad Saulgau 04. Ihre Beitr\u00e4ge erreichen jeden Winkel unseres Clubs, von der Jugendarbeit bis hin zur Unterst\u00fctzung unserer aktiven Teams. Sie sind die wahren Champions unseres allt\u00e4glichen Erfolgs. Unsere Gold Partner Unsere Gold Partner<\/p>\n","protected":false},"author":1,"featured_media":3569,"parent":0,"menu_order":0,"comment_status":"closed","ping_status":"closed","template":"","meta":{"_acf_changed":false,"footnotes":""},"sponsor":[],"class_list":["post-3685","page","type-page","status-publish","has-post-thumbnail","hentry"],"acf":[],"_links":{"self":[{"href":"https:\/\/fvbadsaulgau.de\/index.php\/wp-json\/wp\/v2\/pages\/3685","targetHints":{"allow":["GET"]}}],"collection":[{"href":"https:\/\/fvbadsaulgau.de\/index.php\/wp-json\/wp\/v2\/pages"}],"about":[{"href":"https:\/\/fvbadsaulgau.de\/index.php\/wp-json\/wp\/v2\/types\/page"}],"author":[{"embeddable":true,"href":"https:\/\/fvbadsaulgau.de\/index.php\/wp-json\/wp\/v2\/users\/1"}],"replies":[{"embeddable":true,"href":"https:\/\/fvbadsaulgau.de\/index.php\/wp-json\/wp\/v2\/comments?post=3685"}],"version-history":[{"count":0,"href":"https:\/\/fvbadsaulgau.de\/index.php\/wp-json\/wp\/v2\/pages\/3685\/revisions"}],"wp:featuredmedia":[{"embeddable":true,"href":"https:\/\/fvbadsaulgau.de\/index.php\/wp-json\/wp\/v2\/media\/3569"}],"wp:attachment":[{"href":"https:\/\/fvbadsaulgau.de\/index.php\/wp-json\/wp\/v2\/media?parent=3685"}],"wp:term":[{"taxonomy":"sponsor","embeddable":true,"href":"https:\/\/fvbadsaulgau.de\/index.php\/wp-json\/wp\/v2\/sponsor?post=3685"}],"curies":[{"name":"wp","href":"https:\/\/api.w.org\/{rel}","templated":true}]}}