{"id":3555,"date":"2024-02-17T12:45:14","date_gmt":"2024-02-17T11:45:14","guid":{"rendered":"https:\/\/fvbadsaulgau.de\/?page_id=3555"},"modified":"2024-02-17T20:09:54","modified_gmt":"2024-02-17T19:09:54","slug":"platin","status":"publish","type":"page","link":"https:\/\/fvbadsaulgau.de\/index.php\/platin\/","title":{"rendered":"Platin"},"content":{"rendered":"\t\t<div data-elementor-type=\"wp-page\" data-elementor-id=\"3555\" class=\"elementor elementor-3555\" data-elementor-post-type=\"page\">\n\t\t\t\t<div class=\"elementor-element elementor-element-ee59bef e-flex e-con-boxed e-con e-parent\" data-id=\"ee59bef\" data-element_type=\"container\" data-settings=\"{&quot;background_background&quot;:&quot;classic&quot;}\">\n\t\t\t\t\t<div class=\"e-con-inner\">\n\t\t<div class=\"elementor-element elementor-element-ef51d11 e-con-full e-flex e-con e-child\" data-id=\"ef51d11\" data-element_type=\"container\">\n\t\t\t\t<div class=\"elementor-element elementor-element-9745aa9 elementor-widget elementor-widget-heading\" data-id=\"9745aa9\" data-element_type=\"widget\" data-widget_type=\"heading.default\">\n\t\t\t\t<div class=\"elementor-widget-container\">\n\t\t\t\t\t<h2 class=\"elementor-heading-title elementor-size-default\">Platin Sponsoren<\/h2>\t\t\t\t<\/div>\n\t\t\t\t<\/div>\n\t\t\t\t<div class=\"elementor-element elementor-element-871108d elementor-widget elementor-widget-text-editor\" data-id=\"871108d\" data-element_type=\"widget\" data-widget_type=\"text-editor.default\">\n\t\t\t\t<div class=\"elementor-widget-container\">\n\t\t\t\t\t\t\t\t\t<p>An die Spitze unseres Dankes stehen die Platin-Sponsoren, deren gro\u00dfz\u00fcgige Beitr\u00e4ge die Ambitionen des FV Bad Saulgau 04 ma\u00dfgeblich pr\u00e4gen. Ihr Engagement erm\u00f6glicht es uns, sowohl in unserer Jugendf\u00f6rderung als auch in der Ausstattung unserer aktiven Mannschaften zu gl\u00e4nzen. Ihre Unterst\u00fctzung ist ein zentrales Versprechen f\u00fcr die Zukunft des Fu\u00dfballs in Bad Saulgau<\/p>\t\t\t\t\t\t\t\t<\/div>\n\t\t\t\t<\/div>\n\t\t\t\t<\/div>\n\t\t<div class=\"elementor-element elementor-element-823c1a5 e-con-full e-flex e-con e-child\" data-id=\"823c1a5\" data-element_type=\"container\">\n\t\t\t\t<div class=\"elementor-element elementor-element-53a151b elementor-widget elementor-widget-image\" data-id=\"53a151b\" data-element_type=\"widget\" data-widget_type=\"image.default\">\n\t\t\t\t<div class=\"elementor-widget-container\">\n\t\t\t\t\t\t\t\t\t\t\t\t\t\t\t<img fetchpriority=\"high\" decoding=\"async\" width=\"800\" height=\"450\" src=\"https:\/\/fvbadsaulgau.de\/wp-content\/uploads\/2024\/02\/Platin-Sponsor-1024x576.jpg\" class=\"attachment-large size-large wp-image-3625\" alt=\"\" srcset=\"https:\/\/fvbadsaulgau.de\/wp-content\/uploads\/2024\/02\/Platin-Sponsor-1024x576.jpg 1024w, https:\/\/fvbadsaulgau.de\/wp-content\/uploads\/2024\/02\/Platin-Sponsor-300x169.jpg 300w, https:\/\/fvbadsaulgau.de\/wp-content\/uploads\/2024\/02\/Platin-Sponsor-768x432.jpg 768w, https:\/\/fvbadsaulgau.de\/wp-content\/uploads\/2024\/02\/Platin-Sponsor.jpg 1366w\" sizes=\"(max-width: 800px) 100vw, 800px\" \/>\t\t\t\t\t\t\t\t\t\t\t\t\t\t\t<\/div>\n\t\t\t\t<\/div>\n\t\t\t\t<\/div>\n\t\t\t\t\t<\/div>\n\t\t\t\t<\/div>\n\t\t<div class=\"elementor-element elementor-element-1ffac85 e-con-full e-flex e-con e-parent\" data-id=\"1ffac85\" data-element_type=\"container\">\n\t\t\t\t<div class=\"elementor-element elementor-element-d12206d elementor-widget-divider--view-line_text elementor-widget-divider--separator-type-pattern elementor-widget-divider--no-spacing elementor-widget-divider--element-align-center elementor-widget elementor-widget-divider\" data-id=\"d12206d\" data-element_type=\"widget\" data-widget_type=\"divider.default\">\n\t\t\t\t<div class=\"elementor-widget-container\">\n\t\t\t\t\t\t\t<div class=\"elementor-divider\" style=\"--divider-pattern-url: url(&quot;data:image\/svg+xml,%3Csvg xmlns=&#039;http:\/\/www.w3.org\/2000\/svg&#039; preserveAspectRatio=&#039;none&#039; overflow=&#039;visible&#039; height=&#039;100%&#039; viewBox=&#039;0 0 24 24&#039; fill=&#039;black&#039; stroke=&#039;none&#039;%3E%3Cpath d=&#039;M24,8v12H0V8H24z M24,4v1H0V4H24z&#039;\/%3E%3C\/svg%3E&quot;);\">\n\t\t\t<span class=\"elementor-divider-separator\">\n\t\t\t\t\t\t\t<span class=\"elementor-divider__text elementor-divider__element\">\n\t\t\t\t Unsere Platin Partner\t\t\t\t<\/span>\n\t\t\t\t\t\t<\/span>\n\t\t<\/div>\n\t\t\t\t\t\t<\/div>\n\t\t\t\t<\/div>\n\t\t\t\t<div class=\"elementor-element elementor-element-932552d elementor-widget elementor-widget-shortcode\" data-id=\"932552d\" data-element_type=\"widget\" data-widget_type=\"shortcode.default\">\n\t\t\t\t<div class=\"elementor-widget-container\">\n\t\t\t\t\t\t\t<div class=\"elementor-shortcode\">\t\n\t\t<div id=\"gs_logo_area_4\" class=\"gs_logo_area gs_logo_area_4 list1\" style=\"opacity: 0; visibility: hidden;\">\n\t\t\t<div class=\"gs_logo_area--inner\">\n\t\n\t\t\t\t\n<div class=\"gs_logo_container gs_logo_container_list\">\n\n\t\n\t\t\n\t\t\t<div class=\"gs_logo_single--wrapper\">\n\t\t\t\t<div class=\"gs_logo_single\">\n\t\t\t\t\t\n\t\t\t\t\t<div class=\"gs_logo--image-area\">\n\t\t\t\t\t\t<!-- Logo Image -->\n\t\t\t\t\t\t<a href=\"https:\/\/www.billardakademiebadsaulgau.de\/\" target=\"_blank\" rel=\"noopener\"><img decoding=\"async\" width=\"800\" height=\"800\" src=\"https:\/\/fvbadsaulgau.de\/wp-content\/uploads\/2024\/01\/Billiard-Logo-2.png\" class=\"def_to_gray  gs-logo--img wp-post-image\" alt=\"\" title=\"Billard Akademie\" srcset=\"https:\/\/fvbadsaulgau.de\/wp-content\/uploads\/2024\/01\/Billiard-Logo-2.png 810w, https:\/\/fvbadsaulgau.de\/wp-content\/uploads\/2024\/01\/Billiard-Logo-2-300x300.png 300w, https:\/\/fvbadsaulgau.de\/wp-content\/uploads\/2024\/01\/Billiard-Logo-2-150x150.png 150w, https:\/\/fvbadsaulgau.de\/wp-content\/uploads\/2024\/01\/Billiard-Logo-2-768x768.png 768w, https:\/\/fvbadsaulgau.de\/wp-content\/uploads\/2024\/01\/Billiard-Logo-2-600x600.png 600w\" sizes=\"(max-width: 800px) 100vw, 800px\" \/><\/a>\t\t\t\t\t<\/div>\n\n\t\t\t\t\t<div class=\"gs_logo--details-area\">\n\t\t\t\t\t\t<!-- Logo Title -->\n\t\t\t\t\t\t\t\t\t\t\t\t<!-- Logo Category -->\n\t\t\t\t\t\t\t\t\t\t\t\t<!-- Logo Details -->\n\t\t\t\t\t\t\n<div class=\"gs-logo-details justify\"><\/div>\t\t\t\t\t<\/div>\n\n\t\t\t\t<\/div>\n\t\t\t<\/div>\n\n\t\t\n\t\t\t<div class=\"gs_logo_single--wrapper\">\n\t\t\t\t<div class=\"gs_logo_single\">\n\t\t\t\t\t\n\t\t\t\t\t<div class=\"gs_logo--image-area\">\n\t\t\t\t\t\t<!-- Logo Image -->\n\t\t\t\t\t\t<a href=\"https:\/\/www.meckatzer.de\/\" target=\"_blank\" rel=\"noopener\"><img decoding=\"async\" width=\"800\" height=\"688\" src=\"https:\/\/fvbadsaulgau.de\/wp-content\/uploads\/2024\/01\/meckatzer-logo-1024x880.png\" class=\"def_to_gray  gs-logo--img wp-post-image\" alt=\"\" title=\"Meckatzer\" srcset=\"https:\/\/fvbadsaulgau.de\/wp-content\/uploads\/2024\/01\/meckatzer-logo-1024x880.png 1024w, https:\/\/fvbadsaulgau.de\/wp-content\/uploads\/2024\/01\/meckatzer-logo-300x258.png 300w, https:\/\/fvbadsaulgau.de\/wp-content\/uploads\/2024\/01\/meckatzer-logo-768x660.png 768w, https:\/\/fvbadsaulgau.de\/wp-content\/uploads\/2024\/01\/meckatzer-logo.png 1300w\" sizes=\"(max-width: 800px) 100vw, 800px\" \/><\/a>\t\t\t\t\t<\/div>\n\n\t\t\t\t\t<div class=\"gs_logo--details-area\">\n\t\t\t\t\t\t<!-- Logo Title -->\n\t\t\t\t\t\t\t\t\t\t\t\t<!-- Logo Category -->\n\t\t\t\t\t\t\t\t\t\t\t\t<!-- Logo Details -->\n\t\t\t\t\t\t\n<div class=\"gs-logo-details justify\"><p>Zeit f\u00fcr was Gutes \u2013 mit diesem Anspruch werden in Meckatz seit 1738 besondere Biere nach dem Deutschen Reinheitsgebot gebraut.<\/p>\n<p>Verwendet werden ausschlie\u00dflich Rohstoffe aus der Region, die sich mit viel handwerklichem K\u00f6nnen und Zeit zur Meckatzer Genussreife entwickeln. Daf\u00fcr erhielt Meckatzer als erste deutsche Brauerei das Slow Brewing-G\u00fctesiegel, das konsequenteste G\u00fctesiegel im internationalen Biermarkt.<\/p>\n<\/div>\t\t\t\t\t<\/div>\n\n\t\t\t\t<\/div>\n\t\t\t<\/div>\n\n\t\t\n\t\t\t<div class=\"gs_logo_single--wrapper\">\n\t\t\t\t<div class=\"gs_logo_single\">\n\t\t\t\t\t\n\t\t\t\t\t<div class=\"gs_logo--image-area\">\n\t\t\t\t\t\t<!-- Logo Image -->\n\t\t\t\t\t\t<a href=\"http:\/\/wh-service-team.de\/\" target=\"_blank\" rel=\"noopener\"><img loading=\"lazy\" decoding=\"async\" width=\"362\" height=\"400\" src=\"https:\/\/fvbadsaulgau.de\/wp-content\/uploads\/2024\/01\/wh_logo.png\" class=\"def_to_gray  gs-logo--img wp-post-image\" alt=\"\" title=\"WH Service\" srcset=\"https:\/\/fvbadsaulgau.de\/wp-content\/uploads\/2024\/01\/wh_logo.png 362w, https:\/\/fvbadsaulgau.de\/wp-content\/uploads\/2024\/01\/wh_logo-272x300.png 272w\" sizes=\"(max-width: 362px) 100vw, 362px\" \/><\/a>\t\t\t\t\t<\/div>\n\n\t\t\t\t\t<div class=\"gs_logo--details-area\">\n\t\t\t\t\t\t<!-- Logo Title -->\n\t\t\t\t\t\t\t\t\t\t\t\t<!-- Logo Category -->\n\t\t\t\t\t\t\t\t\t\t\t\t<!-- Logo Details -->\n\t\t\t\t\t\t\n<div class=\"gs-logo-details justify\"><\/div>\t\t\t\t\t<\/div>\n\n\t\t\t\t<\/div>\n\t\t\t<\/div>\n\n\t\t\n\t\t\t<div class=\"gs_logo_single--wrapper\">\n\t\t\t\t<div class=\"gs_logo_single\">\n\t\t\t\t\t\n\t\t\t\t\t<div class=\"gs_logo--image-area\">\n\t\t\t\t\t\t<!-- Logo Image -->\n\t\t\t\t\t\t<a href=\"https:\/\/prinz.wh-service-team.de\/\" target=\"_blank\" rel=\"noopener\"><img loading=\"lazy\" decoding=\"async\" width=\"322\" height=\"400\" src=\"https:\/\/fvbadsaulgau.de\/wp-content\/uploads\/2024\/01\/wh-prinz_logo.png\" class=\"def_to_gray  gs-logo--img wp-post-image\" alt=\"\" title=\"Prinz Edelbr\u00e4nde\" srcset=\"https:\/\/fvbadsaulgau.de\/wp-content\/uploads\/2024\/01\/wh-prinz_logo.png 322w, https:\/\/fvbadsaulgau.de\/wp-content\/uploads\/2024\/01\/wh-prinz_logo-242x300.png 242w\" sizes=\"(max-width: 322px) 100vw, 322px\" \/><\/a>\t\t\t\t\t<\/div>\n\n\t\t\t\t\t<div class=\"gs_logo--details-area\">\n\t\t\t\t\t\t<!-- Logo Title -->\n\t\t\t\t\t\t\t\t\t\t\t\t<!-- Logo Category -->\n\t\t\t\t\t\t\t\t\t\t\t\t<!-- Logo Details -->\n\t\t\t\t\t\t\n<div class=\"gs-logo-details justify\"><\/div>\t\t\t\t\t<\/div>\n\n\t\t\t\t<\/div>\n\t\t\t<\/div>\n\n\t\t\n\t\t\t<div class=\"gs_logo_single--wrapper\">\n\t\t\t\t<div class=\"gs_logo_single\">\n\t\t\t\t\t\n\t\t\t\t\t<div class=\"gs_logo--image-area\">\n\t\t\t\t\t\t<!-- Logo Image -->\n\t\t\t\t\t\t<a href=\"https:\/\/www.vb-bad-saulgau.de\/startseite.html\" target=\"_blank\" rel=\"noopener\"><img loading=\"lazy\" decoding=\"async\" width=\"320\" height=\"64\" src=\"https:\/\/fvbadsaulgau.de\/wp-content\/uploads\/2024\/01\/Voba_logo.png\" class=\"def_to_gray  gs-logo--img wp-post-image\" alt=\"\" title=\"Volksbank Bad Saulgau\" srcset=\"https:\/\/fvbadsaulgau.de\/wp-content\/uploads\/2024\/01\/Voba_logo.png 320w, https:\/\/fvbadsaulgau.de\/wp-content\/uploads\/2024\/01\/Voba_logo-300x60.png 300w\" sizes=\"(max-width: 320px) 100vw, 320px\" \/><\/a>\t\t\t\t\t<\/div>\n\n\t\t\t\t\t<div class=\"gs_logo--details-area\">\n\t\t\t\t\t\t<!-- Logo Title -->\n\t\t\t\t\t\t\t\t\t\t\t\t<!-- Logo Category -->\n\t\t\t\t\t\t\t\t\t\t\t\t<!-- Logo Details -->\n\t\t\t\t\t\t\n<div class=\"gs-logo-details justify\"><\/div>\t\t\t\t\t<\/div>\n\n\t\t\t\t<\/div>\n\t\t\t<\/div>\n\n\t\t\n\t\t\t<div class=\"gs_logo_single--wrapper\">\n\t\t\t\t<div class=\"gs_logo_single\">\n\t\t\t\t\t\n\t\t\t\t\t<div class=\"gs_logo--image-area\">\n\t\t\t\t\t\t<!-- Logo Image -->\n\t\t\t\t\t\t<a href=\"https:\/\/www.fuerst-immobilien.com\/\" target=\"_blank\" rel=\"noopener\"><img loading=\"lazy\" decoding=\"async\" width=\"800\" height=\"800\" src=\"https:\/\/fvbadsaulgau.de\/wp-content\/uploads\/2024\/01\/Design-ohne-Titel3-1024x1024.png\" class=\"def_to_gray  gs-logo--img wp-post-image\" alt=\"\" title=\"F\u00fcrst Immobilien\" srcset=\"https:\/\/fvbadsaulgau.de\/wp-content\/uploads\/2024\/01\/Design-ohne-Titel3-1024x1024.png 1024w, https:\/\/fvbadsaulgau.de\/wp-content\/uploads\/2024\/01\/Design-ohne-Titel3-300x300.png 300w, https:\/\/fvbadsaulgau.de\/wp-content\/uploads\/2024\/01\/Design-ohne-Titel3-150x150.png 150w, https:\/\/fvbadsaulgau.de\/wp-content\/uploads\/2024\/01\/Design-ohne-Titel3-768x768.png 768w, https:\/\/fvbadsaulgau.de\/wp-content\/uploads\/2024\/01\/Design-ohne-Titel3-600x600.png 600w, https:\/\/fvbadsaulgau.de\/wp-content\/uploads\/2024\/01\/Design-ohne-Titel3.png 1080w\" sizes=\"(max-width: 800px) 100vw, 800px\" \/><\/a>\t\t\t\t\t<\/div>\n\n\t\t\t\t\t<div class=\"gs_logo--details-area\">\n\t\t\t\t\t\t<!-- Logo Title -->\n\t\t\t\t\t\t\t\t\t\t\t\t<!-- Logo Category -->\n\t\t\t\t\t\t\t\t\t\t\t\t<!-- Logo Details -->\n\t\t\t\t\t\t\n<div class=\"gs-logo-details justify\"><p><strong>Wir sind Ihr Partner\u00a0in allen\u00a0Immobilienfragen seit 1962!<\/strong><\/p>\n<hr \/>\n<p><strong>Sie suchen eine Immobilie?<\/strong><\/p>\n<p>Wir helfen Ihnen dabei! W\u00f6chentlich wechselt unser Angebot an Traumimmobilien.<\/p>\n<p><strong>Sie m\u00f6chten eine Immobilie verkaufen?<\/strong><\/p>\n<p>Das ist unser Spezialgebiet! Egal ob es sich um ein Ein- oder Mehrfamilienhaus, eine Eigentumswohnung, einen Bauplatz, ein Gewerbeareal oder ein landwirtschaftliches Anwesen handelt. Bei uns sind Sie richtig, wenn Sie einen realistischen und seri\u00f6s ermittelten Wert f\u00fcr Ihre Immobilie ben\u00f6tigen!<\/p>\n<\/div>\t\t\t\t\t<\/div>\n\n\t\t\t\t<\/div>\n\t\t\t<\/div>\n\n\t\t\n\t\t\t<div class=\"gs_logo_single--wrapper\">\n\t\t\t\t<div class=\"gs_logo_single\">\n\t\t\t\t\t\n\t\t\t\t\t<div class=\"gs_logo--image-area\">\n\t\t\t\t\t\t<!-- Logo Image -->\n\t\t\t\t\t\t<a href=\"https:\/\/www.knoll-mb.de\/\" target=\"_blank\" rel=\"noopener\"><img loading=\"lazy\" decoding=\"async\" width=\"800\" height=\"800\" src=\"https:\/\/fvbadsaulgau.de\/wp-content\/uploads\/2024\/01\/Design-ohne-Titel4-1024x1024.png\" class=\"def_to_gray  gs-logo--img wp-post-image\" alt=\"\" title=\"Knoll\" srcset=\"https:\/\/fvbadsaulgau.de\/wp-content\/uploads\/2024\/01\/Design-ohne-Titel4-1024x1024.png 1024w, https:\/\/fvbadsaulgau.de\/wp-content\/uploads\/2024\/01\/Design-ohne-Titel4-300x300.png 300w, https:\/\/fvbadsaulgau.de\/wp-content\/uploads\/2024\/01\/Design-ohne-Titel4-150x150.png 150w, https:\/\/fvbadsaulgau.de\/wp-content\/uploads\/2024\/01\/Design-ohne-Titel4-768x768.png 768w, https:\/\/fvbadsaulgau.de\/wp-content\/uploads\/2024\/01\/Design-ohne-Titel4-600x600.png 600w, https:\/\/fvbadsaulgau.de\/wp-content\/uploads\/2024\/01\/Design-ohne-Titel4.png 1080w\" sizes=\"(max-width: 800px) 100vw, 800px\" \/><\/a>\t\t\t\t\t<\/div>\n\n\t\t\t\t\t<div class=\"gs_logo--details-area\">\n\t\t\t\t\t\t<!-- Logo Title -->\n\t\t\t\t\t\t\t\t\t\t\t\t<!-- Logo Category -->\n\t\t\t\t\t\t\t\t\t\t\t\t<!-- Logo Details -->\n\t\t\t\t\t\t\n<div class=\"gs-logo-details justify\"><p>KNOLL ist der f\u00fchrende Anbieter von F\u00f6rderanlagen, Filteranlagen und Pumpen f\u00fcr die Metallbearbeitung. Sie transportieren und trennen Sp\u00e4ne und K\u00fchlschmierstoffe. Das umfassende Produktprogramm bietet Anlagen f\u00fcr dezentrale oder zentrale Anwendungen. Der Gesch\u00e4ftsbereich Automatisierung besch\u00e4ftigt sich mit L\u00f6sungen f\u00fcr anspruchsvolle Montage- und Logistikaufgaben. Hierzu geh\u00f6ren station\u00e4re Transportsysteme mit Ketten- und Rollenf\u00f6rderern. Mit der Integration von Handhabungs- (Robots, Cobots) und Transportrobotern (FTS) entstehen flexible Systeme aus einer Hand.<\/p>\n<\/div>\t\t\t\t\t<\/div>\n\n\t\t\t\t<\/div>\n\t\t\t<\/div>\n\n\t\t\n\t\t\t<div class=\"gs_logo_single--wrapper\">\n\t\t\t\t<div class=\"gs_logo_single\">\n\t\t\t\t\t\n\t\t\t\t\t<div class=\"gs_logo--image-area\">\n\t\t\t\t\t\t<!-- Logo Image -->\n\t\t\t\t\t\t<a href=\"https:\/\/villa-wetzel.de\/\" target=\"_blank\" rel=\"noopener\"><img loading=\"lazy\" decoding=\"async\" width=\"800\" height=\"800\" src=\"https:\/\/fvbadsaulgau.de\/wp-content\/uploads\/2024\/01\/Villa-Wetzel-Logo-1024x1024.png\" class=\"def_to_gray  gs-logo--img wp-post-image\" alt=\"\" title=\"Villa Wetzel\" srcset=\"https:\/\/fvbadsaulgau.de\/wp-content\/uploads\/2024\/01\/Villa-Wetzel-Logo-1024x1024.png 1024w, https:\/\/fvbadsaulgau.de\/wp-content\/uploads\/2024\/01\/Villa-Wetzel-Logo-300x300.png 300w, https:\/\/fvbadsaulgau.de\/wp-content\/uploads\/2024\/01\/Villa-Wetzel-Logo-150x150.png 150w, https:\/\/fvbadsaulgau.de\/wp-content\/uploads\/2024\/01\/Villa-Wetzel-Logo-768x768.png 768w, https:\/\/fvbadsaulgau.de\/wp-content\/uploads\/2024\/01\/Villa-Wetzel-Logo-600x600.png 600w, https:\/\/fvbadsaulgau.de\/wp-content\/uploads\/2024\/01\/Villa-Wetzel-Logo.png 1215w\" sizes=\"(max-width: 800px) 100vw, 800px\" \/><\/a>\t\t\t\t\t<\/div>\n\n\t\t\t\t\t<div class=\"gs_logo--details-area\">\n\t\t\t\t\t\t<!-- Logo Title -->\n\t\t\t\t\t\t\t\t\t\t\t\t<!-- Logo Category -->\n\t\t\t\t\t\t\t\t\t\t\t\t<!-- Logo Details -->\n\t\t\t\t\t\t\n<div class=\"gs-logo-details justify\"><\/div>\t\t\t\t\t<\/div>\n\n\t\t\t\t<\/div>\n\t\t\t<\/div>\n\n\t\t\n\t\t\t<div class=\"gs_logo_single--wrapper\">\n\t\t\t\t<div class=\"gs_logo_single\">\n\t\t\t\t\t\n\t\t\t\t\t<div class=\"gs_logo--image-area\">\n\t\t\t\t\t\t<!-- Logo Image -->\n\t\t\t\t\t\t<a href=\"https:\/\/www.dvag.de\/bayer.matthias\/index.html\" target=\"_blank\" rel=\"noopener\"><img loading=\"lazy\" decoding=\"async\" width=\"800\" height=\"800\" src=\"https:\/\/fvbadsaulgau.de\/wp-content\/uploads\/2024\/01\/LOGO-DVAG.png\" class=\"def_to_gray  gs-logo--img wp-post-image\" alt=\"\" title=\"DVAG Bayer\" srcset=\"https:\/\/fvbadsaulgau.de\/wp-content\/uploads\/2024\/01\/LOGO-DVAG.png 945w, https:\/\/fvbadsaulgau.de\/wp-content\/uploads\/2024\/01\/LOGO-DVAG-300x300.png 300w, https:\/\/fvbadsaulgau.de\/wp-content\/uploads\/2024\/01\/LOGO-DVAG-150x150.png 150w, https:\/\/fvbadsaulgau.de\/wp-content\/uploads\/2024\/01\/LOGO-DVAG-768x768.png 768w, https:\/\/fvbadsaulgau.de\/wp-content\/uploads\/2024\/01\/LOGO-DVAG-600x600.png 600w\" sizes=\"(max-width: 800px) 100vw, 800px\" \/><\/a>\t\t\t\t\t<\/div>\n\n\t\t\t\t\t<div class=\"gs_logo--details-area\">\n\t\t\t\t\t\t<!-- Logo Title -->\n\t\t\t\t\t\t\t\t\t\t\t\t<!-- Logo Category -->\n\t\t\t\t\t\t\t\t\t\t\t\t<!-- Logo Details -->\n\t\t\t\t\t\t\n<div class=\"gs-logo-details justify\"><p>Mit mir haben Sie einen Coach f\u00fcr alle Finanzfragen an Ihrer Seite. Ganz gleich, wie viel Sie verdienen: Sie profitieren von einem ganzheitlichen Konzept f\u00fcr Ihre Finanzen und sparen dabei bares Geld. Probieren Sie es aus!<\/p>\n<\/div>\t\t\t\t\t<\/div>\n\n\t\t\t\t<\/div>\n\t\t\t<\/div>\n\n\t\t\n\t\t\t<div class=\"gs_logo_single--wrapper\">\n\t\t\t\t<div class=\"gs_logo_single\">\n\t\t\t\t\t\n\t\t\t\t\t<div class=\"gs_logo--image-area\">\n\t\t\t\t\t\t<!-- Logo Image -->\n\t\t\t\t\t\t<a href=\"https:\/\/www.gc-bs.de\/\" target=\"_blank\" rel=\"noopener\"><img loading=\"lazy\" decoding=\"async\" width=\"800\" height=\"800\" src=\"https:\/\/fvbadsaulgau.de\/wp-content\/uploads\/2024\/01\/Golf-Logo-1.png\" class=\"def_to_gray  gs-logo--img wp-post-image\" alt=\"\" title=\"Green Golf\" srcset=\"https:\/\/fvbadsaulgau.de\/wp-content\/uploads\/2024\/01\/Golf-Logo-1.png 810w, https:\/\/fvbadsaulgau.de\/wp-content\/uploads\/2024\/01\/Golf-Logo-1-300x300.png 300w, https:\/\/fvbadsaulgau.de\/wp-content\/uploads\/2024\/01\/Golf-Logo-1-150x150.png 150w, https:\/\/fvbadsaulgau.de\/wp-content\/uploads\/2024\/01\/Golf-Logo-1-768x768.png 768w, https:\/\/fvbadsaulgau.de\/wp-content\/uploads\/2024\/01\/Golf-Logo-1-600x600.png 600w\" sizes=\"(max-width: 800px) 100vw, 800px\" \/><\/a>\t\t\t\t\t<\/div>\n\n\t\t\t\t\t<div class=\"gs_logo--details-area\">\n\t\t\t\t\t\t<!-- Logo Title -->\n\t\t\t\t\t\t\t\t\t\t\t\t<!-- Logo Category -->\n\t\t\t\t\t\t\t\t\t\t\t\t<!-- Logo Details -->\n\t\t\t\t\t\t\n<div class=\"gs-logo-details justify\"><\/div>\t\t\t\t\t<\/div>\n\n\t\t\t\t<\/div>\n\t\t\t<\/div>\n\n\t\t\t\t\n\t\n<\/div>\t\t\t<\/div>\n\t\t<\/div>\n\t\n\t\t<style>#gs_logo_area_4:not(.verticaltickerdown):not(.verticalticker) .gs_logo_container{margin-left:-5px}#gs_logo_area_4:not(.verticaltickerdown):not(.verticalticker) .gs_logo_container{margin-right:-5px}#gs_logo_area_4:not(.verticaltickerdown):not(.verticalticker) .gs_logo_single--wrapper{padding:5px}#gs_logo_area_4 ul.gs-logo-filter-cats{text-align:center!important}<\/style><\/div>\n\t\t\t\t\t\t<\/div>\n\t\t\t\t<\/div>\n\t\t\t\t<div class=\"elementor-element elementor-element-81ad8ff elementor-widget-divider--view-line_text elementor-widget-divider--separator-type-pattern elementor-widget-divider--no-spacing elementor-widget-divider--element-align-center elementor-widget elementor-widget-divider\" data-id=\"81ad8ff\" data-element_type=\"widget\" data-widget_type=\"divider.default\">\n\t\t\t\t<div class=\"elementor-widget-container\">\n\t\t\t\t\t\t\t<div class=\"elementor-divider\" style=\"--divider-pattern-url: url(&quot;data:image\/svg+xml,%3Csvg xmlns=&#039;http:\/\/www.w3.org\/2000\/svg&#039; preserveAspectRatio=&#039;none&#039; overflow=&#039;visible&#039; height=&#039;100%&#039; viewBox=&#039;0 0 24 24&#039; fill=&#039;black&#039; stroke=&#039;none&#039;%3E%3Cpath d=&#039;M24,8v12H0V8H24z M24,4v1H0V4H24z&#039;\/%3E%3C\/svg%3E&quot;);\">\n\t\t\t<span class=\"elementor-divider-separator\">\n\t\t\t\t\t\t\t<span class=\"elementor-divider__text elementor-divider__element\">\n\t\t\t\t Unsere Platin Partner\t\t\t\t<\/span>\n\t\t\t\t\t\t<\/span>\n\t\t<\/div>\n\t\t\t\t\t\t<\/div>\n\t\t\t\t<\/div>\n\t\t\t\t<\/div>\n\t\t\t\t<\/div>\n\t\t","protected":false},"excerpt":{"rendered":"<p>Platin Sponsoren An die Spitze unseres Dankes stehen die Platin-Sponsoren, deren gro\u00dfz\u00fcgige Beitr\u00e4ge die Ambitionen des FV Bad Saulgau 04 ma\u00dfgeblich pr\u00e4gen. Ihr Engagement erm\u00f6glicht es uns, sowohl in unserer Jugendf\u00f6rderung als auch in der Ausstattung unserer aktiven Mannschaften zu gl\u00e4nzen. Ihre Unterst\u00fctzung ist ein zentrales Versprechen f\u00fcr die Zukunft des Fu\u00dfballs in Bad Saulgau [&hellip;]<\/p>\n","protected":false},"author":1,"featured_media":3569,"parent":0,"menu_order":0,"comment_status":"closed","ping_status":"closed","template":"","meta":{"_acf_changed":false,"footnotes":""},"sponsor":[],"class_list":["post-3555","page","type-page","status-publish","has-post-thumbnail","hentry"],"acf":[],"_links":{"self":[{"href":"https:\/\/fvbadsaulgau.de\/index.php\/wp-json\/wp\/v2\/pages\/3555","targetHints":{"allow":["GET"]}}],"collection":[{"href":"https:\/\/fvbadsaulgau.de\/index.php\/wp-json\/wp\/v2\/pages"}],"about":[{"href":"https:\/\/fvbadsaulgau.de\/index.php\/wp-json\/wp\/v2\/types\/page"}],"author":[{"embeddable":true,"href":"https:\/\/fvbadsaulgau.de\/index.php\/wp-json\/wp\/v2\/users\/1"}],"replies":[{"embeddable":true,"href":"https:\/\/fvbadsaulgau.de\/index.php\/wp-json\/wp\/v2\/comments?post=3555"}],"version-history":[{"count":0,"href":"https:\/\/fvbadsaulgau.de\/index.php\/wp-json\/wp\/v2\/pages\/3555\/revisions"}],"wp:featuredmedia":[{"embeddable":true,"href":"https:\/\/fvbadsaulgau.de\/index.php\/wp-json\/wp\/v2\/media\/3569"}],"wp:attachment":[{"href":"https:\/\/fvbadsaulgau.de\/index.php\/wp-json\/wp\/v2\/media?parent=3555"}],"wp:term":[{"taxonomy":"sponsor","embeddable":true,"href":"https:\/\/fvbadsaulgau.de\/index.php\/wp-json\/wp\/v2\/sponsor?post=3555"}],"curies":[{"name":"wp","href":"https:\/\/api.w.org\/{rel}","templated":true}]}}