{"id":30,"date":"2024-01-12T18:19:01","date_gmt":"2024-01-12T17:19:01","guid":{"rendered":"https:\/\/fvbadsaulgau.de\/?page_id=30"},"modified":"2025-11-28T19:33:48","modified_gmt":"2025-11-28T18:33:48","slug":"schiedsrichter","status":"publish","type":"page","link":"https:\/\/fvbadsaulgau.de\/index.php\/schiedsrichter\/","title":{"rendered":"Schiedsrichter"},"content":{"rendered":"\t\t<div data-elementor-type=\"wp-page\" data-elementor-id=\"30\" class=\"elementor elementor-30\" data-elementor-post-type=\"page\">\n\t\t\t\t<div class=\"elementor-element elementor-element-53f48d1 e-flex e-con-boxed e-con e-parent\" data-id=\"53f48d1\" data-element_type=\"container\">\n\t\t\t\t\t<div class=\"e-con-inner\">\n\t\t\t\t<div class=\"elementor-element elementor-element-7cd82c7 elementor-widget elementor-widget-text-editor\" data-id=\"7cd82c7\" data-element_type=\"widget\" data-widget_type=\"text-editor.default\">\n\t\t\t\t<div class=\"elementor-widget-container\">\n\t\t\t\t\t\t\t\t\t<p><strong>Wir sch\u00e4tzen die essenzielle Rolle der Schiedsrichter im Fu\u00dfball.<\/strong><\/p><p>Sie sind mehr als nur H\u00fcter der Regeln \u2013 sie sind entscheidend f\u00fcr den Geist des Spiels und f\u00fcr die Fairness auf dem Feld. Das Schiedsrichtersein bietet jungen Menschen eine einzigartige Chance, Verantwortung zu \u00fcbernehmen, F\u00fchrungsqualit\u00e4ten zu entwickeln und ihr Selbstvertrauen zu st\u00e4rken. Es ist eine Herausforderung, die Charakter bildet und Einblicke in die tiefsten Aspekte des Sports bietet. Wir ermutigen alle, die sich f\u00fcr den Fu\u00dfball begeistern, diese wichtige und bereichernde Rolle zu erleben und damit einen unverzichtbaren Beitrag zu unserem Sport zu leisten..<\/p>\t\t\t\t\t\t\t\t<\/div>\n\t\t\t\t<\/div>\n\t\t\t\t\t<\/div>\n\t\t\t\t<\/div>\n\t\t<div class=\"elementor-element elementor-element-268de7e e-grid e-con-boxed e-con e-parent\" data-id=\"268de7e\" data-element_type=\"container\">\n\t\t\t\t\t<div class=\"e-con-inner\">\n\t\t<div class=\"elementor-element elementor-element-e8afde1 e-con-full e-flex e-con e-child\" data-id=\"e8afde1\" data-element_type=\"container\">\n\t\t\t\t<div class=\"elementor-element elementor-element-0fc0519 elementor-widget elementor-widget-image\" data-id=\"0fc0519\" data-element_type=\"widget\" data-widget_type=\"image.default\">\n\t\t\t\t<div class=\"elementor-widget-container\">\n\t\t\t\t\t\t\t\t\t\t\t\t\t\t\t<img fetchpriority=\"high\" decoding=\"async\" width=\"800\" height=\"1021\" src=\"https:\/\/fvbadsaulgau.de\/wp-content\/uploads\/2024\/01\/Foto-folgt-802x1024.jpg\" class=\"attachment-large size-large wp-image-2877\" alt=\"\" srcset=\"https:\/\/fvbadsaulgau.de\/wp-content\/uploads\/2024\/01\/Foto-folgt-802x1024.jpg 802w, https:\/\/fvbadsaulgau.de\/wp-content\/uploads\/2024\/01\/Foto-folgt-235x300.jpg 235w, https:\/\/fvbadsaulgau.de\/wp-content\/uploads\/2024\/01\/Foto-folgt-768x980.jpg 768w, https:\/\/fvbadsaulgau.de\/wp-content\/uploads\/2024\/01\/Foto-folgt-1204x1536.jpg 1204w, https:\/\/fvbadsaulgau.de\/wp-content\/uploads\/2024\/01\/Foto-folgt.jpg 1253w\" sizes=\"(max-width: 800px) 100vw, 800px\" \/>\t\t\t\t\t\t\t\t\t\t\t\t\t\t\t<\/div>\n\t\t\t\t<\/div>\n\t\t\t\t<div class=\"elementor-element elementor-element-63b2a50 elementor-widget elementor-widget-text-editor\" data-id=\"63b2a50\" data-element_type=\"widget\" data-widget_type=\"text-editor.default\">\n\t\t\t\t<div class=\"elementor-widget-container\">\n\t\t\t\t\t\t\t\t\t<p><em>Hermann Renner<br \/><\/em><em>Schiedsrichter seit 2001<br \/><br \/>Tel.: 0172 784 9304<br \/><\/em><\/p>\t\t\t\t\t\t\t\t<\/div>\n\t\t\t\t<\/div>\n\t\t\t\t<\/div>\n\t\t<div class=\"elementor-element elementor-element-abbc4b8 e-con-full e-flex e-con e-child\" data-id=\"abbc4b8\" data-element_type=\"container\">\n\t\t\t\t<div class=\"elementor-element elementor-element-53ec523 elementor-widget elementor-widget-image\" data-id=\"53ec523\" data-element_type=\"widget\" data-widget_type=\"image.default\">\n\t\t\t\t<div class=\"elementor-widget-container\">\n\t\t\t\t\t\t\t\t\t\t\t\t\t\t\t<img decoding=\"async\" width=\"768\" height=\"1024\" src=\"https:\/\/fvbadsaulgau.de\/wp-content\/uploads\/2025\/11\/IMG-20250627-WA0000-768x1024.jpg\" class=\"attachment-large size-large wp-image-7071\" alt=\"\" srcset=\"https:\/\/fvbadsaulgau.de\/wp-content\/uploads\/2025\/11\/IMG-20250627-WA0000-768x1024.jpg 768w, https:\/\/fvbadsaulgau.de\/wp-content\/uploads\/2025\/11\/IMG-20250627-WA0000-225x300.jpg 225w, https:\/\/fvbadsaulgau.de\/wp-content\/uploads\/2025\/11\/IMG-20250627-WA0000-1152x1536.jpg 1152w, https:\/\/fvbadsaulgau.de\/wp-content\/uploads\/2025\/11\/IMG-20250627-WA0000.jpg 1200w\" sizes=\"(max-width: 768px) 100vw, 768px\" \/>\t\t\t\t\t\t\t\t\t\t\t\t\t\t\t<\/div>\n\t\t\t\t<\/div>\n\t\t\t\t<div class=\"elementor-element elementor-element-8ae9cc8 elementor-widget elementor-widget-text-editor\" data-id=\"8ae9cc8\" data-element_type=\"widget\" data-widget_type=\"text-editor.default\">\n\t\t\t\t<div class=\"elementor-widget-container\">\n\t\t\t\t\t\t\t\t\t<p><em>Johannes Reuter<br \/><\/em><em>Schiedsrichter seit 2013<\/em><\/p>\t\t\t\t\t\t\t\t<\/div>\n\t\t\t\t<\/div>\n\t\t\t\t<\/div>\n\t\t<div class=\"elementor-element elementor-element-d3dd48c e-con-full e-flex e-con e-child\" data-id=\"d3dd48c\" data-element_type=\"container\">\n\t\t\t\t<div class=\"elementor-element elementor-element-de53d77 elementor-widget elementor-widget-image\" data-id=\"de53d77\" data-element_type=\"widget\" data-widget_type=\"image.default\">\n\t\t\t\t<div class=\"elementor-widget-container\">\n\t\t\t\t\t\t\t\t\t\t\t\t\t\t\t<img decoding=\"async\" width=\"768\" height=\"1024\" src=\"https:\/\/fvbadsaulgau.de\/wp-content\/uploads\/2024\/10\/WhatsApp-Bild-2024-09-22-um-20.29.40_aa876612.jpg\" class=\"attachment-large size-large wp-image-5445\" alt=\"\" srcset=\"https:\/\/fvbadsaulgau.de\/wp-content\/uploads\/2024\/10\/WhatsApp-Bild-2024-09-22-um-20.29.40_aa876612.jpg 768w, https:\/\/fvbadsaulgau.de\/wp-content\/uploads\/2024\/10\/WhatsApp-Bild-2024-09-22-um-20.29.40_aa876612-225x300.jpg 225w\" sizes=\"(max-width: 768px) 100vw, 768px\" \/>\t\t\t\t\t\t\t\t\t\t\t\t\t\t\t<\/div>\n\t\t\t\t<\/div>\n\t\t\t\t<div class=\"elementor-element elementor-element-80caed0 elementor-widget elementor-widget-text-editor\" data-id=\"80caed0\" data-element_type=\"widget\" data-widget_type=\"text-editor.default\">\n\t\t\t\t<div class=\"elementor-widget-container\">\n\t\t\t\t\t\t\t\t\t<p>J<em>ohann Hecht<br \/><\/em><em>Schiedsrichter seit 1996<\/em><\/p>\t\t\t\t\t\t\t\t<\/div>\n\t\t\t\t<\/div>\n\t\t\t\t<\/div>\n\t\t<div class=\"elementor-element elementor-element-ed7fc19 e-con-full e-flex e-con e-child\" data-id=\"ed7fc19\" data-element_type=\"container\">\n\t\t\t\t<\/div>\n\t\t<div class=\"elementor-element elementor-element-0f6e232 e-con-full e-flex e-con e-child\" data-id=\"0f6e232\" data-element_type=\"container\">\n\t\t\t\t<\/div>\n\t\t<div class=\"elementor-element elementor-element-76b47e4 e-con-full e-flex e-con e-child\" data-id=\"76b47e4\" data-element_type=\"container\">\n\t\t\t\t<\/div>\n\t\t\t\t\t<\/div>\n\t\t\t\t<\/div>\n\t\t\t\t<\/div>\n\t\t","protected":false},"excerpt":{"rendered":"<p>Wir sch\u00e4tzen die essenzielle Rolle der Schiedsrichter im Fu\u00dfball. Sie sind mehr als nur H\u00fcter der Regeln \u2013 sie sind entscheidend f\u00fcr den Geist des Spiels und f\u00fcr die Fairness auf dem Feld. Das Schiedsrichtersein bietet jungen Menschen eine einzigartige Chance, Verantwortung zu \u00fcbernehmen, F\u00fchrungsqualit\u00e4ten zu entwickeln und ihr Selbstvertrauen zu st\u00e4rken. Es ist eine [&hellip;]<\/p>\n","protected":false},"author":1,"featured_media":0,"parent":0,"menu_order":0,"comment_status":"closed","ping_status":"closed","template":"","meta":{"_acf_changed":false,"footnotes":""},"sponsor":[],"class_list":["post-30","page","type-page","status-publish","hentry"],"acf":[],"_links":{"self":[{"href":"https:\/\/fvbadsaulgau.de\/index.php\/wp-json\/wp\/v2\/pages\/30","targetHints":{"allow":["GET"]}}],"collection":[{"href":"https:\/\/fvbadsaulgau.de\/index.php\/wp-json\/wp\/v2\/pages"}],"about":[{"href":"https:\/\/fvbadsaulgau.de\/index.php\/wp-json\/wp\/v2\/types\/page"}],"author":[{"embeddable":true,"href":"https:\/\/fvbadsaulgau.de\/index.php\/wp-json\/wp\/v2\/users\/1"}],"replies":[{"embeddable":true,"href":"https:\/\/fvbadsaulgau.de\/index.php\/wp-json\/wp\/v2\/comments?post=30"}],"version-history":[{"count":10,"href":"https:\/\/fvbadsaulgau.de\/index.php\/wp-json\/wp\/v2\/pages\/30\/revisions"}],"predecessor-version":[{"id":7237,"href":"https:\/\/fvbadsaulgau.de\/index.php\/wp-json\/wp\/v2\/pages\/30\/revisions\/7237"}],"wp:attachment":[{"href":"https:\/\/fvbadsaulgau.de\/index.php\/wp-json\/wp\/v2\/media?parent=30"}],"wp:term":[{"taxonomy":"sponsor","embeddable":true,"href":"https:\/\/fvbadsaulgau.de\/index.php\/wp-json\/wp\/v2\/sponsor?post=30"}],"curies":[{"name":"wp","href":"https:\/\/api.w.org\/{rel}","templated":true}]}}